{"id":125,"date":"2025-12-03T21:05:33","date_gmt":"2025-12-03T21:05:33","guid":{"rendered":"https:\/\/altyma-agroalimentaire.com\/?post_type=product&#038;p=125"},"modified":"2026-01-15T20:26:43","modified_gmt":"2026-01-15T20:26:43","slug":"arraw-mil","status":"publish","type":"product","link":"https:\/\/altyma-agroalimentaire.com\/fr\/produit\/arraw-mil\/","title":{"rendered":"Arraw Mil ( 400g)"},"content":{"rendered":"<p><u>COMPOSITION<\/u>: Mil, Ma\u00efs<\/p>\n<p><u>PREPARATION <\/u>:\u00a0Tremper le contenu 2 minutes dans un peu d\u2019eau comme pour rincer et faites cuire\u00a0le contenu \u00e9goutt\u00e9\u00a0\u00e0 \u00e9bullition\u00a0dans\u00a01,5\u00a0L d&#8217;eau environ\u00a015 minutes, ajoutez\u00a0un peu de sel, sucrez \u00e0 volont\u00e9 , laissez refroidir un peu\u00a0et consommez comme du lakh ou bouillie avec du yaourt, du lait. Relevez le go\u00fbt avec du citron au souhait<\/p>\n<p>&nbsp;<\/p>\n<p><u>BIENFAITS<\/u>: Riche en vitamine A,B,E, prot\u00e9ines, fibres et aide \u00e0 la digestion<\/p>\n<p>&nbsp;<\/p>\n<p>NB: Fermez herm\u00e9tiquement le paquet apr\u00e8s ouverture pour conservation<\/p>","protected":false},"excerpt":{"rendered":"<p>Tremper le contenu 2 minutes dans un peu d\u2019eau comme pour rincer et faites cuire\u00a0le contenu \u00e9goutt\u00e9\u00a0\u00e0 \u00e9bullition\u00a0dans\u00a01,5\u00a0L d&#8217;eau environ\u00a015 minutes, ajoutez\u00a0un peu de sel, sucrez \u00e0 volont\u00e9 , laissez refroidir un peu\u00a0et consommez comme du lakh ou bouillie avec du yaourt, du lait. Relevez le go\u00fbt avec du citron au souhait<\/p>","protected":false},"featured_media":517,"comment_status":"open","ping_status":"closed","template":"","meta":{"site-sidebar-layout":"default","site-content-layout":"","ast-site-content-layout":"default","site-content-style":"default","site-sidebar-style":"default","ast-global-header-display":"","ast-banner-title-visibility":"","ast-main-header-display":"","ast-hfb-above-header-display":"","ast-hfb-below-header-display":"","ast-hfb-mobile-header-display":"","site-post-title":"","ast-breadcrumbs-content":"","ast-featured-img":"","footer-sml-layout":"","theme-transparent-header-meta":"default","adv-header-id-meta":"","stick-header-meta":"","header-above-stick-meta":"","header-main-stick-meta":"","header-below-stick-meta":"","astra-migrate-meta-layouts":"set","ast-page-background-enabled":"default","ast-page-background-meta":{"desktop":{"background-color":"var(--ast-global-color-5)","background-image":"","background-repeat":"repeat","background-position":"center center","background-size":"auto","background-attachment":"scroll","background-type":"","background-media":"","overlay-type":"","overlay-color":"","overlay-opacity":"","overlay-gradient":""},"tablet":{"background-color":"","background-image":"","background-repeat":"repeat","background-position":"center center","background-size":"auto","background-attachment":"scroll","background-type":"","background-media":"","overlay-type":"","overlay-color":"","overlay-opacity":"","overlay-gradient":""},"mobile":{"background-color":"","background-image":"","background-repeat":"repeat","background-position":"center center","background-size":"auto","background-attachment":"scroll","background-type":"","background-media":"","overlay-type":"","overlay-color":"","overlay-opacity":"","overlay-gradient":""}},"ast-content-background-meta":{"desktop":{"background-color":"var(--ast-global-color-4)","background-image":"","background-repeat":"repeat","background-position":"center center","background-size":"auto","background-attachment":"scroll","background-type":"","background-media":"","overlay-type":"","overlay-color":"","overlay-opacity":"","overlay-gradient":""},"tablet":{"background-color":"var(--ast-global-color-4)","background-image":"","background-repeat":"repeat","background-position":"center center","background-size":"auto","background-attachment":"scroll","background-type":"","background-media":"","overlay-type":"","overlay-color":"","overlay-opacity":"","overlay-gradient":""},"mobile":{"background-color":"var(--ast-global-color-4)","background-image":"","background-repeat":"repeat","background-position":"center center","background-size":"auto","background-attachment":"scroll","background-type":"","background-media":"","overlay-type":"","overlay-color":"","overlay-opacity":"","overlay-gradient":""}}},"product_brand":[],"product_cat":[19],"product_tag":[34,28,32,31,30,33,29],"class_list":{"0":"post-125","1":"product","2":"type-product","3":"status-publish","4":"has-post-thumbnail","6":"product_cat-cereales","7":"product_tag-arraw-mil-premium","8":"product_tag-arraw-mil-senegalais","9":"product_tag-cereale-de-mil-riche-en-fibres","10":"product_tag-couscous-de-mil-naturel","11":"product_tag-semoule-de-mil-africaine","12":"product_tag-thiere-au-lait-recette-rapide","13":"product_tag-thiere-de-mil-traditionnel","14":"desktop-align-left","15":"tablet-align-left","16":"mobile-align-left","18":"first","19":"instock","20":"shipping-taxable","21":"purchasable","22":"product-type-simple"},"yoast_head":"<!-- This site is optimized with the Yoast SEO plugin v27.6 - https:\/\/yoast.com\/product\/yoast-seo-wordpress\/ -->\n<title>Arraw Mil ( 400g) - Altyma Agroalimentaire<\/title>\n<meta name=\"description\" content=\"D\u00e9couvrez Arraw Mil, une semoule de mil traditionnelle, authentique et l\u00e9g\u00e8re, utilis\u00e9e dans la cuisine s\u00e9n\u00e9galaise pour pr\u00e9parer le c\u00e9l\u00e8bre thi\u00e9r\u00e9, ainsi que de nombreux plats nutritifs.\" \/>\n<meta name=\"robots\" content=\"index, follow, max-snippet:-1, max-image-preview:large, max-video-preview:-1\" \/>\n<link rel=\"canonical\" href=\"https:\/\/altyma-agroalimentaire.com\/fr\/produit\/arraw-mil\/\" \/>\n<meta property=\"og:locale\" content=\"fr_FR\" \/>\n<meta property=\"og:type\" content=\"article\" \/>\n<meta property=\"og:title\" content=\"Arraw Mil ( 400g) - Altyma Agroalimentaire\" \/>\n<meta property=\"og:description\" content=\"D\u00e9couvrez Arraw Mil, une semoule de mil traditionnelle, authentique et l\u00e9g\u00e8re, utilis\u00e9e dans la cuisine s\u00e9n\u00e9galaise pour pr\u00e9parer le c\u00e9l\u00e8bre thi\u00e9r\u00e9, ainsi que de nombreux plats nutritifs.\" \/>\n<meta property=\"og:url\" content=\"https:\/\/altyma-agroalimentaire.com\/fr\/produit\/arraw-mil\/\" \/>\n<meta property=\"og:site_name\" content=\"Altyma Agroalimentaire\" \/>\n<meta property=\"article:modified_time\" content=\"2026-01-15T20:26:43+00:00\" \/>\n<meta property=\"og:image\" content=\"https:\/\/altyma-agroalimentaire.com\/wp-content\/uploads\/2025\/12\/WhatsApp-Image-2025-12-22-at-17.42.00.jpeg\" \/>\n\t<meta property=\"og:image:width\" content=\"834\" \/>\n\t<meta property=\"og:image:height\" content=\"1080\" \/>\n\t<meta property=\"og:image:type\" content=\"image\/jpeg\" \/>\n<meta name=\"twitter:card\" content=\"summary_large_image\" \/>\n<meta name=\"twitter:label1\" content=\"Dur\u00e9e de lecture estim\u00e9e\" \/>\n\t<meta name=\"twitter:data1\" content=\"1 minute\" \/>\n<script type=\"application\/ld+json\" class=\"yoast-schema-graph\">{\"@context\":\"https:\\\/\\\/schema.org\",\"@graph\":[{\"@type\":\"WebPage\",\"@id\":\"https:\\\/\\\/altyma-agroalimentaire.com\\\/produit\\\/arraw-mil\\\/\",\"url\":\"https:\\\/\\\/altyma-agroalimentaire.com\\\/produit\\\/arraw-mil\\\/\",\"name\":\"Arraw Mil ( 400g) - Altyma Agroalimentaire\",\"isPartOf\":{\"@id\":\"https:\\\/\\\/altyma-agroalimentaire.com\\\/#website\"},\"primaryImageOfPage\":{\"@id\":\"https:\\\/\\\/altyma-agroalimentaire.com\\\/produit\\\/arraw-mil\\\/#primaryimage\"},\"image\":{\"@id\":\"https:\\\/\\\/altyma-agroalimentaire.com\\\/produit\\\/arraw-mil\\\/#primaryimage\"},\"thumbnailUrl\":\"https:\\\/\\\/altyma-agroalimentaire.com\\\/wp-content\\\/uploads\\\/2025\\\/12\\\/WhatsApp-Image-2025-12-22-at-17.42.00.jpeg\",\"datePublished\":\"2025-12-03T21:05:33+00:00\",\"dateModified\":\"2026-01-15T20:26:43+00:00\",\"description\":\"D\u00e9couvrez Arraw Mil, une semoule de mil traditionnelle, authentique et l\u00e9g\u00e8re, utilis\u00e9e dans la cuisine s\u00e9n\u00e9galaise pour pr\u00e9parer le c\u00e9l\u00e8bre thi\u00e9r\u00e9, ainsi que de nombreux plats nutritifs.\",\"breadcrumb\":{\"@id\":\"https:\\\/\\\/altyma-agroalimentaire.com\\\/produit\\\/arraw-mil\\\/#breadcrumb\"},\"inLanguage\":\"fr-FR\",\"potentialAction\":[{\"@type\":\"ReadAction\",\"target\":[\"https:\\\/\\\/altyma-agroalimentaire.com\\\/produit\\\/arraw-mil\\\/\"]}]},{\"@type\":\"ImageObject\",\"inLanguage\":\"fr-FR\",\"@id\":\"https:\\\/\\\/altyma-agroalimentaire.com\\\/produit\\\/arraw-mil\\\/#primaryimage\",\"url\":\"https:\\\/\\\/altyma-agroalimentaire.com\\\/wp-content\\\/uploads\\\/2025\\\/12\\\/WhatsApp-Image-2025-12-22-at-17.42.00.jpeg\",\"contentUrl\":\"https:\\\/\\\/altyma-agroalimentaire.com\\\/wp-content\\\/uploads\\\/2025\\\/12\\\/WhatsApp-Image-2025-12-22-at-17.42.00.jpeg\",\"width\":834,\"height\":1080,\"caption\":\"Arraw mil\"},{\"@type\":\"BreadcrumbList\",\"@id\":\"https:\\\/\\\/altyma-agroalimentaire.com\\\/produit\\\/arraw-mil\\\/#breadcrumb\",\"itemListElement\":[{\"@type\":\"ListItem\",\"position\":1,\"name\":\"Home\",\"item\":\"https:\\\/\\\/altyma-agroalimentaire.com\\\/\"},{\"@type\":\"ListItem\",\"position\":2,\"name\":\"Boutique\",\"item\":\"https:\\\/\\\/altyma-agroalimentaire.com\\\/boutique\\\/\"},{\"@type\":\"ListItem\",\"position\":3,\"name\":\"Arraw Mil ( 400g)\"}]},{\"@type\":\"WebSite\",\"@id\":\"https:\\\/\\\/altyma-agroalimentaire.com\\\/#website\",\"url\":\"https:\\\/\\\/altyma-agroalimentaire.com\\\/\",\"name\":\"Altyma Agroalimentaire\",\"description\":\"L&#039;hygi\u00e8ne et la qualit\u00e9 notre cr\u00e9do !\",\"publisher\":{\"@id\":\"https:\\\/\\\/altyma-agroalimentaire.com\\\/#organization\"},\"potentialAction\":[{\"@type\":\"SearchAction\",\"target\":{\"@type\":\"EntryPoint\",\"urlTemplate\":\"https:\\\/\\\/altyma-agroalimentaire.com\\\/?s={search_term_string}\"},\"query-input\":{\"@type\":\"PropertyValueSpecification\",\"valueRequired\":true,\"valueName\":\"search_term_string\"}}],\"inLanguage\":\"fr-FR\"},{\"@type\":\"Organization\",\"@id\":\"https:\\\/\\\/altyma-agroalimentaire.com\\\/#organization\",\"name\":\"Altyma Agroalimentaire\",\"url\":\"https:\\\/\\\/altyma-agroalimentaire.com\\\/\",\"logo\":{\"@type\":\"ImageObject\",\"inLanguage\":\"fr-FR\",\"@id\":\"https:\\\/\\\/altyma-agroalimentaire.com\\\/#\\\/schema\\\/logo\\\/image\\\/\",\"url\":\"https:\\\/\\\/altyma-agroalimentaire.com\\\/wp-content\\\/uploads\\\/2025\\\/11\\\/cropped-Altyma-Logo-1.png\",\"contentUrl\":\"https:\\\/\\\/altyma-agroalimentaire.com\\\/wp-content\\\/uploads\\\/2025\\\/11\\\/cropped-Altyma-Logo-1.png\",\"width\":543,\"height\":460,\"caption\":\"Altyma Agroalimentaire\"},\"image\":{\"@id\":\"https:\\\/\\\/altyma-agroalimentaire.com\\\/#\\\/schema\\\/logo\\\/image\\\/\"}}]}<\/script>\n<!-- \/ Yoast SEO plugin. -->","yoast_head_json":{"title":"Arraw Mil ( 400g) - Altyma Agroalimentaire","description":"D\u00e9couvrez Arraw Mil, une semoule de mil traditionnelle, authentique et l\u00e9g\u00e8re, utilis\u00e9e dans la cuisine s\u00e9n\u00e9galaise pour pr\u00e9parer le c\u00e9l\u00e8bre thi\u00e9r\u00e9, ainsi que de nombreux plats nutritifs.","robots":{"index":"index","follow":"follow","max-snippet":"max-snippet:-1","max-image-preview":"max-image-preview:large","max-video-preview":"max-video-preview:-1"},"canonical":"https:\/\/altyma-agroalimentaire.com\/fr\/produit\/arraw-mil\/","og_locale":"fr_FR","og_type":"article","og_title":"Arraw Mil ( 400g) - Altyma Agroalimentaire","og_description":"D\u00e9couvrez Arraw Mil, une semoule de mil traditionnelle, authentique et l\u00e9g\u00e8re, utilis\u00e9e dans la cuisine s\u00e9n\u00e9galaise pour pr\u00e9parer le c\u00e9l\u00e8bre thi\u00e9r\u00e9, ainsi que de nombreux plats nutritifs.","og_url":"https:\/\/altyma-agroalimentaire.com\/fr\/produit\/arraw-mil\/","og_site_name":"Altyma Agroalimentaire","article_modified_time":"2026-01-15T20:26:43+00:00","og_image":[{"width":834,"height":1080,"url":"https:\/\/altyma-agroalimentaire.com\/wp-content\/uploads\/2025\/12\/WhatsApp-Image-2025-12-22-at-17.42.00.jpeg","type":"image\/jpeg"}],"twitter_card":"summary_large_image","twitter_misc":{"Dur\u00e9e de lecture estim\u00e9e":"1 minute"},"schema":{"@context":"https:\/\/schema.org","@graph":[{"@type":"WebPage","@id":"https:\/\/altyma-agroalimentaire.com\/produit\/arraw-mil\/","url":"https:\/\/altyma-agroalimentaire.com\/produit\/arraw-mil\/","name":"Arraw Mil ( 400g) - Altyma Agroalimentaire","isPartOf":{"@id":"https:\/\/altyma-agroalimentaire.com\/#website"},"primaryImageOfPage":{"@id":"https:\/\/altyma-agroalimentaire.com\/produit\/arraw-mil\/#primaryimage"},"image":{"@id":"https:\/\/altyma-agroalimentaire.com\/produit\/arraw-mil\/#primaryimage"},"thumbnailUrl":"https:\/\/altyma-agroalimentaire.com\/wp-content\/uploads\/2025\/12\/WhatsApp-Image-2025-12-22-at-17.42.00.jpeg","datePublished":"2025-12-03T21:05:33+00:00","dateModified":"2026-01-15T20:26:43+00:00","description":"D\u00e9couvrez Arraw Mil, une semoule de mil traditionnelle, authentique et l\u00e9g\u00e8re, utilis\u00e9e dans la cuisine s\u00e9n\u00e9galaise pour pr\u00e9parer le c\u00e9l\u00e8bre thi\u00e9r\u00e9, ainsi que de nombreux plats nutritifs.","breadcrumb":{"@id":"https:\/\/altyma-agroalimentaire.com\/produit\/arraw-mil\/#breadcrumb"},"inLanguage":"fr-FR","potentialAction":[{"@type":"ReadAction","target":["https:\/\/altyma-agroalimentaire.com\/produit\/arraw-mil\/"]}]},{"@type":"ImageObject","inLanguage":"fr-FR","@id":"https:\/\/altyma-agroalimentaire.com\/produit\/arraw-mil\/#primaryimage","url":"https:\/\/altyma-agroalimentaire.com\/wp-content\/uploads\/2025\/12\/WhatsApp-Image-2025-12-22-at-17.42.00.jpeg","contentUrl":"https:\/\/altyma-agroalimentaire.com\/wp-content\/uploads\/2025\/12\/WhatsApp-Image-2025-12-22-at-17.42.00.jpeg","width":834,"height":1080,"caption":"Arraw mil"},{"@type":"BreadcrumbList","@id":"https:\/\/altyma-agroalimentaire.com\/produit\/arraw-mil\/#breadcrumb","itemListElement":[{"@type":"ListItem","position":1,"name":"Home","item":"https:\/\/altyma-agroalimentaire.com\/"},{"@type":"ListItem","position":2,"name":"Boutique","item":"https:\/\/altyma-agroalimentaire.com\/boutique\/"},{"@type":"ListItem","position":3,"name":"Arraw Mil ( 400g)"}]},{"@type":"WebSite","@id":"https:\/\/altyma-agroalimentaire.com\/#website","url":"https:\/\/altyma-agroalimentaire.com\/","name":"Altyma Agroalimentaire","description":"L&#039;hygi\u00e8ne et la qualit\u00e9 notre cr\u00e9do !","publisher":{"@id":"https:\/\/altyma-agroalimentaire.com\/#organization"},"potentialAction":[{"@type":"SearchAction","target":{"@type":"EntryPoint","urlTemplate":"https:\/\/altyma-agroalimentaire.com\/?s={search_term_string}"},"query-input":{"@type":"PropertyValueSpecification","valueRequired":true,"valueName":"search_term_string"}}],"inLanguage":"fr-FR"},{"@type":"Organization","@id":"https:\/\/altyma-agroalimentaire.com\/#organization","name":"Altyma Agroalimentaire","url":"https:\/\/altyma-agroalimentaire.com\/","logo":{"@type":"ImageObject","inLanguage":"fr-FR","@id":"https:\/\/altyma-agroalimentaire.com\/#\/schema\/logo\/image\/","url":"https:\/\/altyma-agroalimentaire.com\/wp-content\/uploads\/2025\/11\/cropped-Altyma-Logo-1.png","contentUrl":"https:\/\/altyma-agroalimentaire.com\/wp-content\/uploads\/2025\/11\/cropped-Altyma-Logo-1.png","width":543,"height":460,"caption":"Altyma Agroalimentaire"},"image":{"@id":"https:\/\/altyma-agroalimentaire.com\/#\/schema\/logo\/image\/"}}]}},"_links":{"self":[{"href":"https:\/\/altyma-agroalimentaire.com\/fr\/wp-json\/wp\/v2\/product\/125","targetHints":{"allow":["GET"]}}],"collection":[{"href":"https:\/\/altyma-agroalimentaire.com\/fr\/wp-json\/wp\/v2\/product"}],"about":[{"href":"https:\/\/altyma-agroalimentaire.com\/fr\/wp-json\/wp\/v2\/types\/product"}],"replies":[{"embeddable":true,"href":"https:\/\/altyma-agroalimentaire.com\/fr\/wp-json\/wp\/v2\/comments?post=125"}],"wp:featuredmedia":[{"embeddable":true,"href":"https:\/\/altyma-agroalimentaire.com\/fr\/wp-json\/wp\/v2\/media\/517"}],"wp:attachment":[{"href":"https:\/\/altyma-agroalimentaire.com\/fr\/wp-json\/wp\/v2\/media?parent=125"}],"wp:term":[{"taxonomy":"product_brand","embeddable":true,"href":"https:\/\/altyma-agroalimentaire.com\/fr\/wp-json\/wp\/v2\/product_brand?post=125"},{"taxonomy":"product_cat","embeddable":true,"href":"https:\/\/altyma-agroalimentaire.com\/fr\/wp-json\/wp\/v2\/product_cat?post=125"},{"taxonomy":"product_tag","embeddable":true,"href":"https:\/\/altyma-agroalimentaire.com\/fr\/wp-json\/wp\/v2\/product_tag?post=125"}],"curies":[{"name":"wp","href":"https:\/\/api.w.org\/{rel}","templated":true}]}}