{"id":128,"date":"2025-12-03T21:22:13","date_gmt":"2025-12-03T21:22:13","guid":{"rendered":"https:\/\/altyma-agroalimentaire.com\/?post_type=product&#038;p=128"},"modified":"2026-01-15T20:10:50","modified_gmt":"2026-01-15T20:10:50","slug":"arraw-mais","status":"publish","type":"product","link":"https:\/\/altyma-agroalimentaire.com\/fr\/produit\/arraw-mais\/","title":{"rendered":"Arraw ma\u00efs (400g)"},"content":{"rendered":"<p><u>COMPOSITION<\/u>\u00a0: 100% Ma\u00efs<\/p>\n<p><u>PREPARATION<\/u>\u00a0: Mettez le contenu dans 1,5L d\u2019eau et laissez cuire \u00e0 petit feu pour obtenir une bonne bouillie, ajoutez du sucre et consommez avec du yaourt\u00a0et \/ou du lait liquide<\/p>\n<p><u>Bienfaits\u00a0<\/u>: Le ma\u00efs favorise la digestion avec ses fibres, il contient des vitamines, min\u00e9raux et c\u2019est un aliment \u00e9quilibr\u00e9 et conseill\u00e9<\/p>\n<p>NB: Fermez herm\u00e9tiquement le paquet apr\u00e8s ouverture pour conservation<\/p>","protected":false},"excerpt":{"rendered":"<p>Mettez le contenu dans 1,5L d\u2019eau et laissez cuire \u00e0 petit feu pour obtenir une bonne bouillie, ajoutez du sucre et consommez avec du yaourt et \/ou du lait liquide.<\/p>","protected":false},"featured_media":543,"comment_status":"open","ping_status":"closed","template":"","meta":{"site-sidebar-layout":"default","site-content-layout":"","ast-site-content-layout":"default","site-content-style":"default","site-sidebar-style":"default","ast-global-header-display":"","ast-banner-title-visibility":"","ast-main-header-display":"","ast-hfb-above-header-display":"","ast-hfb-below-header-display":"","ast-hfb-mobile-header-display":"","site-post-title":"","ast-breadcrumbs-content":"","ast-featured-img":"","footer-sml-layout":"","theme-transparent-header-meta":"default","adv-header-id-meta":"","stick-header-meta":"","header-above-stick-meta":"","header-main-stick-meta":"","header-below-stick-meta":"","astra-migrate-meta-layouts":"set","ast-page-background-enabled":"default","ast-page-background-meta":{"desktop":{"background-color":"var(--ast-global-color-5)","background-image":"","background-repeat":"repeat","background-position":"center center","background-size":"auto","background-attachment":"scroll","background-type":"","background-media":"","overlay-type":"","overlay-color":"","overlay-opacity":"","overlay-gradient":""},"tablet":{"background-color":"","background-image":"","background-repeat":"repeat","background-position":"center center","background-size":"auto","background-attachment":"scroll","background-type":"","background-media":"","overlay-type":"","overlay-color":"","overlay-opacity":"","overlay-gradient":""},"mobile":{"background-color":"","background-image":"","background-repeat":"repeat","background-position":"center center","background-size":"auto","background-attachment":"scroll","background-type":"","background-media":"","overlay-type":"","overlay-color":"","overlay-opacity":"","overlay-gradient":""}},"ast-content-background-meta":{"desktop":{"background-color":"var(--ast-global-color-4)","background-image":"","background-repeat":"repeat","background-position":"center center","background-size":"auto","background-attachment":"scroll","background-type":"","background-media":"","overlay-type":"","overlay-color":"","overlay-opacity":"","overlay-gradient":""},"tablet":{"background-color":"var(--ast-global-color-4)","background-image":"","background-repeat":"repeat","background-position":"center center","background-size":"auto","background-attachment":"scroll","background-type":"","background-media":"","overlay-type":"","overlay-color":"","overlay-opacity":"","overlay-gradient":""},"mobile":{"background-color":"var(--ast-global-color-4)","background-image":"","background-repeat":"repeat","background-position":"center center","background-size":"auto","background-attachment":"scroll","background-type":"","background-media":"","overlay-type":"","overlay-color":"","overlay-opacity":"","overlay-gradient":""}}},"product_brand":[],"product_cat":[19],"product_tag":[40,35,39,38,36,41,37],"class_list":{"0":"post-128","1":"product","2":"type-product","3":"status-publish","4":"has-post-thumbnail","6":"product_cat-cereales","7":"product_tag-arraw-mais-premium","8":"product_tag-arraw-mais-traditionnel","9":"product_tag-cereales-de-mais-naturelles","10":"product_tag-couscous-de-mais-africain","11":"product_tag-semoule-de-mais-roulee-senegalaise","12":"product_tag-thiere-au-lait-mais","13":"product_tag-thiere-de-mais","14":"desktop-align-left","15":"tablet-align-left","16":"mobile-align-left","18":"first","19":"instock","20":"shipping-taxable","21":"purchasable","22":"product-type-simple"},"yoast_head":"<!-- This site is optimized with the Yoast SEO plugin v27.6 - https:\/\/yoast.com\/product\/yoast-seo-wordpress\/ -->\n<title>Arraw ma\u00efs (400g) - Altyma Agroalimentaire %<\/title>\n<meta name=\"description\" content=\"D\u00e9couvrez Arraw Ma\u00efs, une semoule de ma\u00efs roul\u00e9e selon la tradition s\u00e9n\u00e9galaise, id\u00e9ale pour pr\u00e9parer un thi\u00e9r\u00e9 l\u00e9ger, savoureux et riche en \u00e9nergie.\" \/>\n<meta name=\"robots\" content=\"index, follow, max-snippet:-1, max-image-preview:large, max-video-preview:-1\" \/>\n<link rel=\"canonical\" href=\"https:\/\/altyma-agroalimentaire.com\/fr\/produit\/arraw-mais\/\" \/>\n<meta property=\"og:locale\" content=\"fr_FR\" \/>\n<meta property=\"og:type\" content=\"article\" \/>\n<meta property=\"og:title\" content=\"Arraw ma\u00efs (400g) - Altyma Agroalimentaire %\" \/>\n<meta property=\"og:description\" content=\"D\u00e9couvrez Arraw Ma\u00efs, une semoule de ma\u00efs roul\u00e9e selon la tradition s\u00e9n\u00e9galaise, id\u00e9ale pour pr\u00e9parer un thi\u00e9r\u00e9 l\u00e9ger, savoureux et riche en \u00e9nergie.\" \/>\n<meta property=\"og:url\" content=\"https:\/\/altyma-agroalimentaire.com\/fr\/produit\/arraw-mais\/\" \/>\n<meta property=\"og:site_name\" content=\"Altyma Agroalimentaire\" \/>\n<meta property=\"article:modified_time\" content=\"2026-01-15T20:10:50+00:00\" \/>\n<meta property=\"og:image\" content=\"https:\/\/altyma-agroalimentaire.com\/wp-content\/uploads\/2025\/12\/WhatsApp-Image-2025-12-31-at-10.49.06.jpeg\" \/>\n\t<meta property=\"og:image:width\" content=\"750\" \/>\n\t<meta property=\"og:image:height\" content=\"1000\" \/>\n\t<meta property=\"og:image:type\" content=\"image\/jpeg\" \/>\n<meta name=\"twitter:card\" content=\"summary_large_image\" \/>\n<meta name=\"twitter:label1\" content=\"Dur\u00e9e de lecture estim\u00e9e\" \/>\n\t<meta name=\"twitter:data1\" content=\"1 minute\" \/>\n<script type=\"application\/ld+json\" class=\"yoast-schema-graph\">{\"@context\":\"https:\\\/\\\/schema.org\",\"@graph\":[{\"@type\":\"WebPage\",\"@id\":\"https:\\\/\\\/altyma-agroalimentaire.com\\\/produit\\\/arraw-mais\\\/\",\"url\":\"https:\\\/\\\/altyma-agroalimentaire.com\\\/produit\\\/arraw-mais\\\/\",\"name\":\"Arraw ma\u00efs (400g) - Altyma Agroalimentaire %\",\"isPartOf\":{\"@id\":\"https:\\\/\\\/altyma-agroalimentaire.com\\\/#website\"},\"primaryImageOfPage\":{\"@id\":\"https:\\\/\\\/altyma-agroalimentaire.com\\\/produit\\\/arraw-mais\\\/#primaryimage\"},\"image\":{\"@id\":\"https:\\\/\\\/altyma-agroalimentaire.com\\\/produit\\\/arraw-mais\\\/#primaryimage\"},\"thumbnailUrl\":\"https:\\\/\\\/altyma-agroalimentaire.com\\\/wp-content\\\/uploads\\\/2025\\\/12\\\/WhatsApp-Image-2025-12-31-at-10.49.06.jpeg\",\"datePublished\":\"2025-12-03T21:22:13+00:00\",\"dateModified\":\"2026-01-15T20:10:50+00:00\",\"description\":\"D\u00e9couvrez Arraw Ma\u00efs, une semoule de ma\u00efs roul\u00e9e selon la tradition s\u00e9n\u00e9galaise, id\u00e9ale pour pr\u00e9parer un thi\u00e9r\u00e9 l\u00e9ger, savoureux et riche en \u00e9nergie.\",\"breadcrumb\":{\"@id\":\"https:\\\/\\\/altyma-agroalimentaire.com\\\/produit\\\/arraw-mais\\\/#breadcrumb\"},\"inLanguage\":\"fr-FR\",\"potentialAction\":[{\"@type\":\"ReadAction\",\"target\":[\"https:\\\/\\\/altyma-agroalimentaire.com\\\/produit\\\/arraw-mais\\\/\"]}]},{\"@type\":\"ImageObject\",\"inLanguage\":\"fr-FR\",\"@id\":\"https:\\\/\\\/altyma-agroalimentaire.com\\\/produit\\\/arraw-mais\\\/#primaryimage\",\"url\":\"https:\\\/\\\/altyma-agroalimentaire.com\\\/wp-content\\\/uploads\\\/2025\\\/12\\\/WhatsApp-Image-2025-12-31-at-10.49.06.jpeg\",\"contentUrl\":\"https:\\\/\\\/altyma-agroalimentaire.com\\\/wp-content\\\/uploads\\\/2025\\\/12\\\/WhatsApp-Image-2025-12-31-at-10.49.06.jpeg\",\"width\":750,\"height\":1000,\"caption\":\"Arraw Ma\u00efs frais\"},{\"@type\":\"BreadcrumbList\",\"@id\":\"https:\\\/\\\/altyma-agroalimentaire.com\\\/produit\\\/arraw-mais\\\/#breadcrumb\",\"itemListElement\":[{\"@type\":\"ListItem\",\"position\":1,\"name\":\"Home\",\"item\":\"https:\\\/\\\/altyma-agroalimentaire.com\\\/\"},{\"@type\":\"ListItem\",\"position\":2,\"name\":\"Boutique\",\"item\":\"https:\\\/\\\/altyma-agroalimentaire.com\\\/boutique\\\/\"},{\"@type\":\"ListItem\",\"position\":3,\"name\":\"Arraw ma\u00efs (400g)\"}]},{\"@type\":\"WebSite\",\"@id\":\"https:\\\/\\\/altyma-agroalimentaire.com\\\/#website\",\"url\":\"https:\\\/\\\/altyma-agroalimentaire.com\\\/\",\"name\":\"Altyma Agroalimentaire\",\"description\":\"L&#039;hygi\u00e8ne et la qualit\u00e9 notre cr\u00e9do !\",\"publisher\":{\"@id\":\"https:\\\/\\\/altyma-agroalimentaire.com\\\/#organization\"},\"potentialAction\":[{\"@type\":\"SearchAction\",\"target\":{\"@type\":\"EntryPoint\",\"urlTemplate\":\"https:\\\/\\\/altyma-agroalimentaire.com\\\/?s={search_term_string}\"},\"query-input\":{\"@type\":\"PropertyValueSpecification\",\"valueRequired\":true,\"valueName\":\"search_term_string\"}}],\"inLanguage\":\"fr-FR\"},{\"@type\":\"Organization\",\"@id\":\"https:\\\/\\\/altyma-agroalimentaire.com\\\/#organization\",\"name\":\"Altyma Agroalimentaire\",\"url\":\"https:\\\/\\\/altyma-agroalimentaire.com\\\/\",\"logo\":{\"@type\":\"ImageObject\",\"inLanguage\":\"fr-FR\",\"@id\":\"https:\\\/\\\/altyma-agroalimentaire.com\\\/#\\\/schema\\\/logo\\\/image\\\/\",\"url\":\"https:\\\/\\\/altyma-agroalimentaire.com\\\/wp-content\\\/uploads\\\/2025\\\/11\\\/cropped-Altyma-Logo-1.png\",\"contentUrl\":\"https:\\\/\\\/altyma-agroalimentaire.com\\\/wp-content\\\/uploads\\\/2025\\\/11\\\/cropped-Altyma-Logo-1.png\",\"width\":543,\"height\":460,\"caption\":\"Altyma Agroalimentaire\"},\"image\":{\"@id\":\"https:\\\/\\\/altyma-agroalimentaire.com\\\/#\\\/schema\\\/logo\\\/image\\\/\"}}]}<\/script>\n<!-- \/ Yoast SEO plugin. -->","yoast_head_json":{"title":"Arraw ma\u00efs (400g) - Altyma Agroalimentaire %","description":"D\u00e9couvrez Arraw Ma\u00efs, une semoule de ma\u00efs roul\u00e9e selon la tradition s\u00e9n\u00e9galaise, id\u00e9ale pour pr\u00e9parer un thi\u00e9r\u00e9 l\u00e9ger, savoureux et riche en \u00e9nergie.","robots":{"index":"index","follow":"follow","max-snippet":"max-snippet:-1","max-image-preview":"max-image-preview:large","max-video-preview":"max-video-preview:-1"},"canonical":"https:\/\/altyma-agroalimentaire.com\/fr\/produit\/arraw-mais\/","og_locale":"fr_FR","og_type":"article","og_title":"Arraw ma\u00efs (400g) - Altyma Agroalimentaire %","og_description":"D\u00e9couvrez Arraw Ma\u00efs, une semoule de ma\u00efs roul\u00e9e selon la tradition s\u00e9n\u00e9galaise, id\u00e9ale pour pr\u00e9parer un thi\u00e9r\u00e9 l\u00e9ger, savoureux et riche en \u00e9nergie.","og_url":"https:\/\/altyma-agroalimentaire.com\/fr\/produit\/arraw-mais\/","og_site_name":"Altyma Agroalimentaire","article_modified_time":"2026-01-15T20:10:50+00:00","og_image":[{"width":750,"height":1000,"url":"https:\/\/altyma-agroalimentaire.com\/wp-content\/uploads\/2025\/12\/WhatsApp-Image-2025-12-31-at-10.49.06.jpeg","type":"image\/jpeg"}],"twitter_card":"summary_large_image","twitter_misc":{"Dur\u00e9e de lecture estim\u00e9e":"1 minute"},"schema":{"@context":"https:\/\/schema.org","@graph":[{"@type":"WebPage","@id":"https:\/\/altyma-agroalimentaire.com\/produit\/arraw-mais\/","url":"https:\/\/altyma-agroalimentaire.com\/produit\/arraw-mais\/","name":"Arraw ma\u00efs (400g) - Altyma Agroalimentaire %","isPartOf":{"@id":"https:\/\/altyma-agroalimentaire.com\/#website"},"primaryImageOfPage":{"@id":"https:\/\/altyma-agroalimentaire.com\/produit\/arraw-mais\/#primaryimage"},"image":{"@id":"https:\/\/altyma-agroalimentaire.com\/produit\/arraw-mais\/#primaryimage"},"thumbnailUrl":"https:\/\/altyma-agroalimentaire.com\/wp-content\/uploads\/2025\/12\/WhatsApp-Image-2025-12-31-at-10.49.06.jpeg","datePublished":"2025-12-03T21:22:13+00:00","dateModified":"2026-01-15T20:10:50+00:00","description":"D\u00e9couvrez Arraw Ma\u00efs, une semoule de ma\u00efs roul\u00e9e selon la tradition s\u00e9n\u00e9galaise, id\u00e9ale pour pr\u00e9parer un thi\u00e9r\u00e9 l\u00e9ger, savoureux et riche en \u00e9nergie.","breadcrumb":{"@id":"https:\/\/altyma-agroalimentaire.com\/produit\/arraw-mais\/#breadcrumb"},"inLanguage":"fr-FR","potentialAction":[{"@type":"ReadAction","target":["https:\/\/altyma-agroalimentaire.com\/produit\/arraw-mais\/"]}]},{"@type":"ImageObject","inLanguage":"fr-FR","@id":"https:\/\/altyma-agroalimentaire.com\/produit\/arraw-mais\/#primaryimage","url":"https:\/\/altyma-agroalimentaire.com\/wp-content\/uploads\/2025\/12\/WhatsApp-Image-2025-12-31-at-10.49.06.jpeg","contentUrl":"https:\/\/altyma-agroalimentaire.com\/wp-content\/uploads\/2025\/12\/WhatsApp-Image-2025-12-31-at-10.49.06.jpeg","width":750,"height":1000,"caption":"Arraw Ma\u00efs frais"},{"@type":"BreadcrumbList","@id":"https:\/\/altyma-agroalimentaire.com\/produit\/arraw-mais\/#breadcrumb","itemListElement":[{"@type":"ListItem","position":1,"name":"Home","item":"https:\/\/altyma-agroalimentaire.com\/"},{"@type":"ListItem","position":2,"name":"Boutique","item":"https:\/\/altyma-agroalimentaire.com\/boutique\/"},{"@type":"ListItem","position":3,"name":"Arraw ma\u00efs (400g)"}]},{"@type":"WebSite","@id":"https:\/\/altyma-agroalimentaire.com\/#website","url":"https:\/\/altyma-agroalimentaire.com\/","name":"Altyma Agroalimentaire","description":"L&#039;hygi\u00e8ne et la qualit\u00e9 notre cr\u00e9do !","publisher":{"@id":"https:\/\/altyma-agroalimentaire.com\/#organization"},"potentialAction":[{"@type":"SearchAction","target":{"@type":"EntryPoint","urlTemplate":"https:\/\/altyma-agroalimentaire.com\/?s={search_term_string}"},"query-input":{"@type":"PropertyValueSpecification","valueRequired":true,"valueName":"search_term_string"}}],"inLanguage":"fr-FR"},{"@type":"Organization","@id":"https:\/\/altyma-agroalimentaire.com\/#organization","name":"Altyma Agroalimentaire","url":"https:\/\/altyma-agroalimentaire.com\/","logo":{"@type":"ImageObject","inLanguage":"fr-FR","@id":"https:\/\/altyma-agroalimentaire.com\/#\/schema\/logo\/image\/","url":"https:\/\/altyma-agroalimentaire.com\/wp-content\/uploads\/2025\/11\/cropped-Altyma-Logo-1.png","contentUrl":"https:\/\/altyma-agroalimentaire.com\/wp-content\/uploads\/2025\/11\/cropped-Altyma-Logo-1.png","width":543,"height":460,"caption":"Altyma Agroalimentaire"},"image":{"@id":"https:\/\/altyma-agroalimentaire.com\/#\/schema\/logo\/image\/"}}]}},"_links":{"self":[{"href":"https:\/\/altyma-agroalimentaire.com\/fr\/wp-json\/wp\/v2\/product\/128","targetHints":{"allow":["GET"]}}],"collection":[{"href":"https:\/\/altyma-agroalimentaire.com\/fr\/wp-json\/wp\/v2\/product"}],"about":[{"href":"https:\/\/altyma-agroalimentaire.com\/fr\/wp-json\/wp\/v2\/types\/product"}],"replies":[{"embeddable":true,"href":"https:\/\/altyma-agroalimentaire.com\/fr\/wp-json\/wp\/v2\/comments?post=128"}],"wp:featuredmedia":[{"embeddable":true,"href":"https:\/\/altyma-agroalimentaire.com\/fr\/wp-json\/wp\/v2\/media\/543"}],"wp:attachment":[{"href":"https:\/\/altyma-agroalimentaire.com\/fr\/wp-json\/wp\/v2\/media?parent=128"}],"wp:term":[{"taxonomy":"product_brand","embeddable":true,"href":"https:\/\/altyma-agroalimentaire.com\/fr\/wp-json\/wp\/v2\/product_brand?post=128"},{"taxonomy":"product_cat","embeddable":true,"href":"https:\/\/altyma-agroalimentaire.com\/fr\/wp-json\/wp\/v2\/product_cat?post=128"},{"taxonomy":"product_tag","embeddable":true,"href":"https:\/\/altyma-agroalimentaire.com\/fr\/wp-json\/wp\/v2\/product_tag?post=128"}],"curies":[{"name":"wp","href":"https:\/\/api.w.org\/{rel}","templated":true}]}}