{"id":133,"date":"2025-12-03T21:48:27","date_gmt":"2025-12-03T21:48:27","guid":{"rendered":"https:\/\/altyma-agroalimentaire.com\/?post_type=product&#038;p=133"},"modified":"2026-01-15T19:59:23","modified_gmt":"2026-01-15T19:59:23","slug":"poudre-darachide-noflay","status":"publish","type":"product","link":"https:\/\/altyma-agroalimentaire.com\/fr\/produit\/poudre-darachide-noflay\/","title":{"rendered":"Poudre d\u2019Arachide Noflay"},"content":{"rendered":"<p><u>COMPOSITION<\/u>\u00a0: 100% ARACHIDE<\/p>\n<p><u>PREPARATION<\/u>\u00a0: Il est utilis\u00e9 dans les plats comme dakhine, sauce mboum, bouillie de riz \u00e0 l\u2019arachide, lakhou bissap.<\/p>\n<p><u>BIENFAITS<\/u>: Il est riche en prot\u00e9ine v\u00e9g\u00e9tal, fibres, vitamines (E,B), min\u00e9raux et ses graisses r\u00e9duisent le mauvais cholest\u00e9rol<\/p>\n<p>NB: Fermez herm\u00e9tiquement le paquet apr\u00e8s ouverture pour conservation<\/p>","protected":false},"excerpt":{"rendered":"<p>Il est utilis\u00e9 dans les plats comme dakhine, sauce mboum, bouillie de riz \u00e0 l\u2019arachide, lakhou bissap.<\/p>","protected":false},"featured_media":190,"comment_status":"open","ping_status":"closed","template":"","meta":{"site-sidebar-layout":"default","site-content-layout":"","ast-site-content-layout":"default","site-content-style":"default","site-sidebar-style":"default","ast-global-header-display":"","ast-banner-title-visibility":"","ast-main-header-display":"","ast-hfb-above-header-display":"","ast-hfb-below-header-display":"","ast-hfb-mobile-header-display":"","site-post-title":"","ast-breadcrumbs-content":"","ast-featured-img":"","footer-sml-layout":"","theme-transparent-header-meta":"default","adv-header-id-meta":"","stick-header-meta":"","header-above-stick-meta":"","header-main-stick-meta":"","header-below-stick-meta":"","astra-migrate-meta-layouts":"set","ast-page-background-enabled":"default","ast-page-background-meta":{"desktop":{"background-color":"var(--ast-global-color-5)","background-image":"","background-repeat":"repeat","background-position":"center center","background-size":"auto","background-attachment":"scroll","background-type":"","background-media":"","overlay-type":"","overlay-color":"","overlay-opacity":"","overlay-gradient":""},"tablet":{"background-color":"","background-image":"","background-repeat":"repeat","background-position":"center center","background-size":"auto","background-attachment":"scroll","background-type":"","background-media":"","overlay-type":"","overlay-color":"","overlay-opacity":"","overlay-gradient":""},"mobile":{"background-color":"","background-image":"","background-repeat":"repeat","background-position":"center center","background-size":"auto","background-attachment":"scroll","background-type":"","background-media":"","overlay-type":"","overlay-color":"","overlay-opacity":"","overlay-gradient":""}},"ast-content-background-meta":{"desktop":{"background-color":"var(--ast-global-color-4)","background-image":"","background-repeat":"repeat","background-position":"center center","background-size":"auto","background-attachment":"scroll","background-type":"","background-media":"","overlay-type":"","overlay-color":"","overlay-opacity":"","overlay-gradient":""},"tablet":{"background-color":"var(--ast-global-color-4)","background-image":"","background-repeat":"repeat","background-position":"center center","background-size":"auto","background-attachment":"scroll","background-type":"","background-media":"","overlay-type":"","overlay-color":"","overlay-opacity":"","overlay-gradient":""},"mobile":{"background-color":"var(--ast-global-color-4)","background-image":"","background-repeat":"repeat","background-position":"center center","background-size":"auto","background-attachment":"scroll","background-type":"","background-media":"","overlay-type":"","overlay-color":"","overlay-opacity":"","overlay-gradient":""}}},"product_brand":[],"product_cat":[49],"product_tag":[55,52,53,51,50,54,56],"class_list":{"0":"post-133","1":"product","2":"type-product","3":"status-publish","4":"has-post-thumbnail","6":"product_cat-assaisonnement","7":"product_tag-arachide-grillee-moulue","8":"product_tag-arachide-moulue-africaine","9":"product_tag-ingredient-pour-mafe","10":"product_tag-poudre-darachide-naturelle","11":"product_tag-poudre-darachide-noflay","12":"product_tag-poudre-darachide-senegalaise","13":"product_tag-proteines-vegetales-naturelles","14":"desktop-align-left","15":"tablet-align-left","16":"mobile-align-left","18":"first","19":"instock","20":"shipping-taxable","21":"product-type-simple"},"yoast_head":"<!-- This site is optimized with the Yoast SEO plugin v27.6 - https:\/\/yoast.com\/product\/yoast-seo-wordpress\/ -->\n<title>Poudre d\u2019Arachide Noflay - Altyma Agroalimentaire<\/title>\n<meta name=\"description\" content=\"D\u00e9couvrez la Poudre d\u2019Arachide Noflay, un ingr\u00e9dient incontournable de la cuisine s\u00e9n\u00e9galaise et africaine. Finement moulue, riche en ar\u00f4mes et totalement naturelle, cette poudre d\u2019arachide est id\u00e9ale pour pr\u00e9parer\" \/>\n<meta name=\"robots\" content=\"index, follow, max-snippet:-1, max-image-preview:large, max-video-preview:-1\" \/>\n<link rel=\"canonical\" href=\"https:\/\/altyma-agroalimentaire.com\/fr\/produit\/poudre-darachide-noflay\/\" \/>\n<meta property=\"og:locale\" content=\"fr_FR\" \/>\n<meta property=\"og:type\" content=\"article\" \/>\n<meta property=\"og:title\" content=\"Poudre d\u2019Arachide Noflay - Altyma Agroalimentaire\" \/>\n<meta property=\"og:description\" content=\"D\u00e9couvrez la Poudre d\u2019Arachide Noflay, un ingr\u00e9dient incontournable de la cuisine s\u00e9n\u00e9galaise et africaine. Finement moulue, riche en ar\u00f4mes et totalement naturelle, cette poudre d\u2019arachide est id\u00e9ale pour pr\u00e9parer\" \/>\n<meta property=\"og:url\" content=\"https:\/\/altyma-agroalimentaire.com\/fr\/produit\/poudre-darachide-noflay\/\" \/>\n<meta property=\"og:site_name\" content=\"Altyma Agroalimentaire\" \/>\n<meta property=\"article:modified_time\" content=\"2026-01-15T19:59:23+00:00\" \/>\n<meta property=\"og:image\" content=\"https:\/\/altyma-agroalimentaire.com\/wp-content\/uploads\/2025\/12\/IMG_1430-1-scaled.jpg\" \/>\n\t<meta property=\"og:image:width\" content=\"1978\" \/>\n\t<meta property=\"og:image:height\" content=\"2560\" \/>\n\t<meta property=\"og:image:type\" content=\"image\/jpeg\" \/>\n<meta name=\"twitter:card\" content=\"summary_large_image\" \/>\n<meta name=\"twitter:label1\" content=\"Dur\u00e9e de lecture estim\u00e9e\" \/>\n\t<meta name=\"twitter:data1\" content=\"1 minute\" \/>\n<script type=\"application\/ld+json\" class=\"yoast-schema-graph\">{\"@context\":\"https:\\\/\\\/schema.org\",\"@graph\":[{\"@type\":\"WebPage\",\"@id\":\"https:\\\/\\\/altyma-agroalimentaire.com\\\/produit\\\/poudre-darachide-noflay\\\/\",\"url\":\"https:\\\/\\\/altyma-agroalimentaire.com\\\/produit\\\/poudre-darachide-noflay\\\/\",\"name\":\"Poudre d\u2019Arachide Noflay - Altyma Agroalimentaire\",\"isPartOf\":{\"@id\":\"https:\\\/\\\/altyma-agroalimentaire.com\\\/#website\"},\"primaryImageOfPage\":{\"@id\":\"https:\\\/\\\/altyma-agroalimentaire.com\\\/produit\\\/poudre-darachide-noflay\\\/#primaryimage\"},\"image\":{\"@id\":\"https:\\\/\\\/altyma-agroalimentaire.com\\\/produit\\\/poudre-darachide-noflay\\\/#primaryimage\"},\"thumbnailUrl\":\"https:\\\/\\\/altyma-agroalimentaire.com\\\/wp-content\\\/uploads\\\/2025\\\/12\\\/IMG_1430-1-scaled.jpg\",\"datePublished\":\"2025-12-03T21:48:27+00:00\",\"dateModified\":\"2026-01-15T19:59:23+00:00\",\"description\":\"D\u00e9couvrez la Poudre d\u2019Arachide Noflay, un ingr\u00e9dient incontournable de la cuisine s\u00e9n\u00e9galaise et africaine. Finement moulue, riche en ar\u00f4mes et totalement naturelle, cette poudre d\u2019arachide est id\u00e9ale pour pr\u00e9parer\",\"breadcrumb\":{\"@id\":\"https:\\\/\\\/altyma-agroalimentaire.com\\\/produit\\\/poudre-darachide-noflay\\\/#breadcrumb\"},\"inLanguage\":\"fr-FR\",\"potentialAction\":[{\"@type\":\"ReadAction\",\"target\":[\"https:\\\/\\\/altyma-agroalimentaire.com\\\/produit\\\/poudre-darachide-noflay\\\/\"]}]},{\"@type\":\"ImageObject\",\"inLanguage\":\"fr-FR\",\"@id\":\"https:\\\/\\\/altyma-agroalimentaire.com\\\/produit\\\/poudre-darachide-noflay\\\/#primaryimage\",\"url\":\"https:\\\/\\\/altyma-agroalimentaire.com\\\/wp-content\\\/uploads\\\/2025\\\/12\\\/IMG_1430-1-scaled.jpg\",\"contentUrl\":\"https:\\\/\\\/altyma-agroalimentaire.com\\\/wp-content\\\/uploads\\\/2025\\\/12\\\/IMG_1430-1-scaled.jpg\",\"width\":1978,\"height\":2560,\"caption\":\"Noflay\"},{\"@type\":\"BreadcrumbList\",\"@id\":\"https:\\\/\\\/altyma-agroalimentaire.com\\\/produit\\\/poudre-darachide-noflay\\\/#breadcrumb\",\"itemListElement\":[{\"@type\":\"ListItem\",\"position\":1,\"name\":\"Home\",\"item\":\"https:\\\/\\\/altyma-agroalimentaire.com\\\/\"},{\"@type\":\"ListItem\",\"position\":2,\"name\":\"Boutique\",\"item\":\"https:\\\/\\\/altyma-agroalimentaire.com\\\/boutique\\\/\"},{\"@type\":\"ListItem\",\"position\":3,\"name\":\"Poudre d\u2019Arachide Noflay\"}]},{\"@type\":\"WebSite\",\"@id\":\"https:\\\/\\\/altyma-agroalimentaire.com\\\/#website\",\"url\":\"https:\\\/\\\/altyma-agroalimentaire.com\\\/\",\"name\":\"Altyma Agroalimentaire\",\"description\":\"L&#039;hygi\u00e8ne et la qualit\u00e9 notre cr\u00e9do !\",\"publisher\":{\"@id\":\"https:\\\/\\\/altyma-agroalimentaire.com\\\/#organization\"},\"potentialAction\":[{\"@type\":\"SearchAction\",\"target\":{\"@type\":\"EntryPoint\",\"urlTemplate\":\"https:\\\/\\\/altyma-agroalimentaire.com\\\/?s={search_term_string}\"},\"query-input\":{\"@type\":\"PropertyValueSpecification\",\"valueRequired\":true,\"valueName\":\"search_term_string\"}}],\"inLanguage\":\"fr-FR\"},{\"@type\":\"Organization\",\"@id\":\"https:\\\/\\\/altyma-agroalimentaire.com\\\/#organization\",\"name\":\"Altyma Agroalimentaire\",\"url\":\"https:\\\/\\\/altyma-agroalimentaire.com\\\/\",\"logo\":{\"@type\":\"ImageObject\",\"inLanguage\":\"fr-FR\",\"@id\":\"https:\\\/\\\/altyma-agroalimentaire.com\\\/#\\\/schema\\\/logo\\\/image\\\/\",\"url\":\"https:\\\/\\\/altyma-agroalimentaire.com\\\/wp-content\\\/uploads\\\/2025\\\/11\\\/cropped-Altyma-Logo-1.png\",\"contentUrl\":\"https:\\\/\\\/altyma-agroalimentaire.com\\\/wp-content\\\/uploads\\\/2025\\\/11\\\/cropped-Altyma-Logo-1.png\",\"width\":543,\"height\":460,\"caption\":\"Altyma Agroalimentaire\"},\"image\":{\"@id\":\"https:\\\/\\\/altyma-agroalimentaire.com\\\/#\\\/schema\\\/logo\\\/image\\\/\"}}]}<\/script>\n<!-- \/ Yoast SEO plugin. -->","yoast_head_json":{"title":"Poudre d\u2019Arachide Noflay - Altyma Agroalimentaire","description":"D\u00e9couvrez la Poudre d\u2019Arachide Noflay, un ingr\u00e9dient incontournable de la cuisine s\u00e9n\u00e9galaise et africaine. Finement moulue, riche en ar\u00f4mes et totalement naturelle, cette poudre d\u2019arachide est id\u00e9ale pour pr\u00e9parer","robots":{"index":"index","follow":"follow","max-snippet":"max-snippet:-1","max-image-preview":"max-image-preview:large","max-video-preview":"max-video-preview:-1"},"canonical":"https:\/\/altyma-agroalimentaire.com\/fr\/produit\/poudre-darachide-noflay\/","og_locale":"fr_FR","og_type":"article","og_title":"Poudre d\u2019Arachide Noflay - Altyma Agroalimentaire","og_description":"D\u00e9couvrez la Poudre d\u2019Arachide Noflay, un ingr\u00e9dient incontournable de la cuisine s\u00e9n\u00e9galaise et africaine. Finement moulue, riche en ar\u00f4mes et totalement naturelle, cette poudre d\u2019arachide est id\u00e9ale pour pr\u00e9parer","og_url":"https:\/\/altyma-agroalimentaire.com\/fr\/produit\/poudre-darachide-noflay\/","og_site_name":"Altyma Agroalimentaire","article_modified_time":"2026-01-15T19:59:23+00:00","og_image":[{"width":1978,"height":2560,"url":"https:\/\/altyma-agroalimentaire.com\/wp-content\/uploads\/2025\/12\/IMG_1430-1-scaled.jpg","type":"image\/jpeg"}],"twitter_card":"summary_large_image","twitter_misc":{"Dur\u00e9e de lecture estim\u00e9e":"1 minute"},"schema":{"@context":"https:\/\/schema.org","@graph":[{"@type":"WebPage","@id":"https:\/\/altyma-agroalimentaire.com\/produit\/poudre-darachide-noflay\/","url":"https:\/\/altyma-agroalimentaire.com\/produit\/poudre-darachide-noflay\/","name":"Poudre d\u2019Arachide Noflay - Altyma Agroalimentaire","isPartOf":{"@id":"https:\/\/altyma-agroalimentaire.com\/#website"},"primaryImageOfPage":{"@id":"https:\/\/altyma-agroalimentaire.com\/produit\/poudre-darachide-noflay\/#primaryimage"},"image":{"@id":"https:\/\/altyma-agroalimentaire.com\/produit\/poudre-darachide-noflay\/#primaryimage"},"thumbnailUrl":"https:\/\/altyma-agroalimentaire.com\/wp-content\/uploads\/2025\/12\/IMG_1430-1-scaled.jpg","datePublished":"2025-12-03T21:48:27+00:00","dateModified":"2026-01-15T19:59:23+00:00","description":"D\u00e9couvrez la Poudre d\u2019Arachide Noflay, un ingr\u00e9dient incontournable de la cuisine s\u00e9n\u00e9galaise et africaine. Finement moulue, riche en ar\u00f4mes et totalement naturelle, cette poudre d\u2019arachide est id\u00e9ale pour pr\u00e9parer","breadcrumb":{"@id":"https:\/\/altyma-agroalimentaire.com\/produit\/poudre-darachide-noflay\/#breadcrumb"},"inLanguage":"fr-FR","potentialAction":[{"@type":"ReadAction","target":["https:\/\/altyma-agroalimentaire.com\/produit\/poudre-darachide-noflay\/"]}]},{"@type":"ImageObject","inLanguage":"fr-FR","@id":"https:\/\/altyma-agroalimentaire.com\/produit\/poudre-darachide-noflay\/#primaryimage","url":"https:\/\/altyma-agroalimentaire.com\/wp-content\/uploads\/2025\/12\/IMG_1430-1-scaled.jpg","contentUrl":"https:\/\/altyma-agroalimentaire.com\/wp-content\/uploads\/2025\/12\/IMG_1430-1-scaled.jpg","width":1978,"height":2560,"caption":"Noflay"},{"@type":"BreadcrumbList","@id":"https:\/\/altyma-agroalimentaire.com\/produit\/poudre-darachide-noflay\/#breadcrumb","itemListElement":[{"@type":"ListItem","position":1,"name":"Home","item":"https:\/\/altyma-agroalimentaire.com\/"},{"@type":"ListItem","position":2,"name":"Boutique","item":"https:\/\/altyma-agroalimentaire.com\/boutique\/"},{"@type":"ListItem","position":3,"name":"Poudre d\u2019Arachide Noflay"}]},{"@type":"WebSite","@id":"https:\/\/altyma-agroalimentaire.com\/#website","url":"https:\/\/altyma-agroalimentaire.com\/","name":"Altyma Agroalimentaire","description":"L&#039;hygi\u00e8ne et la qualit\u00e9 notre cr\u00e9do !","publisher":{"@id":"https:\/\/altyma-agroalimentaire.com\/#organization"},"potentialAction":[{"@type":"SearchAction","target":{"@type":"EntryPoint","urlTemplate":"https:\/\/altyma-agroalimentaire.com\/?s={search_term_string}"},"query-input":{"@type":"PropertyValueSpecification","valueRequired":true,"valueName":"search_term_string"}}],"inLanguage":"fr-FR"},{"@type":"Organization","@id":"https:\/\/altyma-agroalimentaire.com\/#organization","name":"Altyma Agroalimentaire","url":"https:\/\/altyma-agroalimentaire.com\/","logo":{"@type":"ImageObject","inLanguage":"fr-FR","@id":"https:\/\/altyma-agroalimentaire.com\/#\/schema\/logo\/image\/","url":"https:\/\/altyma-agroalimentaire.com\/wp-content\/uploads\/2025\/11\/cropped-Altyma-Logo-1.png","contentUrl":"https:\/\/altyma-agroalimentaire.com\/wp-content\/uploads\/2025\/11\/cropped-Altyma-Logo-1.png","width":543,"height":460,"caption":"Altyma Agroalimentaire"},"image":{"@id":"https:\/\/altyma-agroalimentaire.com\/#\/schema\/logo\/image\/"}}]}},"_links":{"self":[{"href":"https:\/\/altyma-agroalimentaire.com\/fr\/wp-json\/wp\/v2\/product\/133","targetHints":{"allow":["GET"]}}],"collection":[{"href":"https:\/\/altyma-agroalimentaire.com\/fr\/wp-json\/wp\/v2\/product"}],"about":[{"href":"https:\/\/altyma-agroalimentaire.com\/fr\/wp-json\/wp\/v2\/types\/product"}],"replies":[{"embeddable":true,"href":"https:\/\/altyma-agroalimentaire.com\/fr\/wp-json\/wp\/v2\/comments?post=133"}],"wp:featuredmedia":[{"embeddable":true,"href":"https:\/\/altyma-agroalimentaire.com\/fr\/wp-json\/wp\/v2\/media\/190"}],"wp:attachment":[{"href":"https:\/\/altyma-agroalimentaire.com\/fr\/wp-json\/wp\/v2\/media?parent=133"}],"wp:term":[{"taxonomy":"product_brand","embeddable":true,"href":"https:\/\/altyma-agroalimentaire.com\/fr\/wp-json\/wp\/v2\/product_brand?post=133"},{"taxonomy":"product_cat","embeddable":true,"href":"https:\/\/altyma-agroalimentaire.com\/fr\/wp-json\/wp\/v2\/product_cat?post=133"},{"taxonomy":"product_tag","embeddable":true,"href":"https:\/\/altyma-agroalimentaire.com\/fr\/wp-json\/wp\/v2\/product_tag?post=133"}],"curies":[{"name":"wp","href":"https:\/\/api.w.org\/{rel}","templated":true}]}}