{"id":152,"date":"2025-12-14T08:57:37","date_gmt":"2025-12-14T08:57:37","guid":{"rendered":"https:\/\/altyma-agroalimentaire.com\/?post_type=product&#038;p=152"},"modified":"2026-01-15T20:19:30","modified_gmt":"2026-01-15T20:19:30","slug":"farine-composee","status":"publish","type":"product","link":"https:\/\/altyma-agroalimentaire.com\/fr\/produit\/farine-composee\/","title":{"rendered":"Farine compos\u00e9e"},"content":{"rendered":"<p><u>COMPOSITION<\/u>\u00a0: Mil, Ma\u00efs, Sorgho, Ni\u00e9b\u00e9, Arachide<\/p>\n<p><u>PREPARATION<\/u>\u00a0: M\u00e9langez quelques cuiller\u00e9es\u00a0\u00e0 soupe de farine dans un bol avec de l\u2019eau, versez petit \u00e0 petit le contenu dans la casserole d\u2019eau bouillante, laissez cuire \u00e0 petit feu votre bouillie jusqu\u2019 \u00e0 obtention d\u2019un liquide \u00e9pais, ajoutez du sel et sucrez \u00e0 volont\u00e9. Retirer du feu puis consommez avec du yaourt\u00a0et \/ ou lait liquide. Relevez le go\u00fbt avec du citron au souhait<\/p>\n<p><u>BIENFAITS\u00a0<\/u>: elle est tr\u00e8s riche en fibre, prot\u00e9ine v\u00e9g\u00e9tales, vitamines et min\u00e9raux. Elle est parfaite pour la croissance, l\u2019\u00e9nergie et le renforcement immunitaire donc conseill\u00e9e chez les b\u00e9b\u00e9s \u00e0 partir de 6 mois et les personnes \u00e2g\u00e9es<\/p>\n<p>NB: Fermez herm\u00e9tiquement le paquet apr\u00e8s ouverture pour conservation<\/p>","protected":false},"excerpt":{"rendered":"<p>Elle est tr\u00e8s riche en fibre, prot\u00e9ine v\u00e9g\u00e9tales, vitamines et min\u00e9raux. Elle est parfaite pour la croissance, l\u2019\u00e9nergie et le renforcement immunitaire donc conseill\u00e9e chez les b\u00e9b\u00e9s \u00e0 partir de 6 mois et les personnes \u00e2g\u00e9es<\/p>","protected":false},"featured_media":153,"comment_status":"open","ping_status":"closed","template":"","meta":{"site-sidebar-layout":"default","site-content-layout":"","ast-site-content-layout":"default","site-content-style":"default","site-sidebar-style":"default","ast-global-header-display":"","ast-banner-title-visibility":"","ast-main-header-display":"","ast-hfb-above-header-display":"","ast-hfb-below-header-display":"","ast-hfb-mobile-header-display":"","site-post-title":"","ast-breadcrumbs-content":"","ast-featured-img":"","footer-sml-layout":"","theme-transparent-header-meta":"default","adv-header-id-meta":"","stick-header-meta":"","header-above-stick-meta":"","header-main-stick-meta":"","header-below-stick-meta":"","astra-migrate-meta-layouts":"set","ast-page-background-enabled":"default","ast-page-background-meta":{"desktop":{"background-color":"var(--ast-global-color-5)","background-image":"","background-repeat":"repeat","background-position":"center center","background-size":"auto","background-attachment":"scroll","background-type":"","background-media":"","overlay-type":"","overlay-color":"","overlay-opacity":"","overlay-gradient":""},"tablet":{"background-color":"","background-image":"","background-repeat":"repeat","background-position":"center center","background-size":"auto","background-attachment":"scroll","background-type":"","background-media":"","overlay-type":"","overlay-color":"","overlay-opacity":"","overlay-gradient":""},"mobile":{"background-color":"","background-image":"","background-repeat":"repeat","background-position":"center center","background-size":"auto","background-attachment":"scroll","background-type":"","background-media":"","overlay-type":"","overlay-color":"","overlay-opacity":"","overlay-gradient":""}},"ast-content-background-meta":{"desktop":{"background-color":"var(--ast-global-color-4)","background-image":"","background-repeat":"repeat","background-position":"center center","background-size":"auto","background-attachment":"scroll","background-type":"","background-media":"","overlay-type":"","overlay-color":"","overlay-opacity":"","overlay-gradient":""},"tablet":{"background-color":"var(--ast-global-color-4)","background-image":"","background-repeat":"repeat","background-position":"center center","background-size":"auto","background-attachment":"scroll","background-type":"","background-media":"","overlay-type":"","overlay-color":"","overlay-opacity":"","overlay-gradient":""},"mobile":{"background-color":"var(--ast-global-color-4)","background-image":"","background-repeat":"repeat","background-position":"center center","background-size":"auto","background-attachment":"scroll","background-type":"","background-media":"","overlay-type":"","overlay-color":"","overlay-opacity":"","overlay-gradient":""}}},"product_brand":[],"product_cat":[65],"product_tag":[70,77,87,85,84,86,83],"class_list":{"0":"post-152","1":"product","2":"type-product","3":"status-publish","4":"has-post-thumbnail","6":"product_cat-farine","7":"product_tag-alimentation-saine","8":"product_tag-bouillie-traditionnelle","9":"product_tag-farine-africaine","10":"product_tag-farine-cereales-locales","11":"product_tag-farine-composee","12":"product_tag-farine-nutritive","13":"product_tag-produit-local","14":"desktop-align-left","15":"tablet-align-left","16":"mobile-align-left","18":"first","19":"instock","20":"shipping-taxable","21":"purchasable","22":"product-type-simple"},"yoast_head":"<!-- This site is optimized with the Yoast SEO plugin v27.6 - https:\/\/yoast.com\/product\/yoast-seo-wordpress\/ -->\n<title>Farine compos\u00e9e - Altyma Agroalimentaire<\/title>\n<meta name=\"description\" content=\"La farine compos\u00e9e est un m\u00e9lange soigneusement \u00e9labor\u00e9 \u00e0 partir de c\u00e9r\u00e9ales et ingr\u00e9dients naturels s\u00e9lectionn\u00e9s, offrant une valeur nutritionnelle renforc\u00e9e et une grande polyvalence en cuisine.\" \/>\n<meta name=\"robots\" content=\"index, follow, max-snippet:-1, max-image-preview:large, max-video-preview:-1\" \/>\n<link rel=\"canonical\" href=\"https:\/\/altyma-agroalimentaire.com\/fr\/produit\/farine-composee\/\" \/>\n<meta property=\"og:locale\" content=\"fr_FR\" \/>\n<meta property=\"og:type\" content=\"article\" \/>\n<meta property=\"og:title\" content=\"Farine compos\u00e9e - Altyma Agroalimentaire\" \/>\n<meta property=\"og:description\" content=\"La farine compos\u00e9e est un m\u00e9lange soigneusement \u00e9labor\u00e9 \u00e0 partir de c\u00e9r\u00e9ales et ingr\u00e9dients naturels s\u00e9lectionn\u00e9s, offrant une valeur nutritionnelle renforc\u00e9e et une grande polyvalence en cuisine.\" \/>\n<meta property=\"og:url\" content=\"https:\/\/altyma-agroalimentaire.com\/fr\/produit\/farine-composee\/\" \/>\n<meta property=\"og:site_name\" content=\"Altyma Agroalimentaire\" \/>\n<meta property=\"article:modified_time\" content=\"2026-01-15T20:19:30+00:00\" \/>\n<meta property=\"og:image\" content=\"https:\/\/altyma-agroalimentaire.com\/wp-content\/uploads\/2025\/12\/IMG_1413-scaled.jpg\" \/>\n\t<meta property=\"og:image:width\" content=\"2029\" \/>\n\t<meta property=\"og:image:height\" content=\"2560\" \/>\n\t<meta property=\"og:image:type\" content=\"image\/jpeg\" \/>\n<meta name=\"twitter:card\" content=\"summary_large_image\" \/>\n<meta name=\"twitter:label1\" content=\"Dur\u00e9e de lecture estim\u00e9e\" \/>\n\t<meta name=\"twitter:data1\" content=\"1 minute\" \/>\n<script type=\"application\/ld+json\" class=\"yoast-schema-graph\">{\"@context\":\"https:\\\/\\\/schema.org\",\"@graph\":[{\"@type\":\"WebPage\",\"@id\":\"https:\\\/\\\/altyma-agroalimentaire.com\\\/produit\\\/farine-composee\\\/\",\"url\":\"https:\\\/\\\/altyma-agroalimentaire.com\\\/produit\\\/farine-composee\\\/\",\"name\":\"Farine compos\u00e9e - Altyma Agroalimentaire\",\"isPartOf\":{\"@id\":\"https:\\\/\\\/altyma-agroalimentaire.com\\\/#website\"},\"primaryImageOfPage\":{\"@id\":\"https:\\\/\\\/altyma-agroalimentaire.com\\\/produit\\\/farine-composee\\\/#primaryimage\"},\"image\":{\"@id\":\"https:\\\/\\\/altyma-agroalimentaire.com\\\/produit\\\/farine-composee\\\/#primaryimage\"},\"thumbnailUrl\":\"https:\\\/\\\/altyma-agroalimentaire.com\\\/wp-content\\\/uploads\\\/2025\\\/12\\\/IMG_1413-scaled.jpg\",\"datePublished\":\"2025-12-14T08:57:37+00:00\",\"dateModified\":\"2026-01-15T20:19:30+00:00\",\"description\":\"La farine compos\u00e9e est un m\u00e9lange soigneusement \u00e9labor\u00e9 \u00e0 partir de c\u00e9r\u00e9ales et ingr\u00e9dients naturels s\u00e9lectionn\u00e9s, offrant une valeur nutritionnelle renforc\u00e9e et une grande polyvalence en cuisine.\",\"breadcrumb\":{\"@id\":\"https:\\\/\\\/altyma-agroalimentaire.com\\\/produit\\\/farine-composee\\\/#breadcrumb\"},\"inLanguage\":\"fr-FR\",\"potentialAction\":[{\"@type\":\"ReadAction\",\"target\":[\"https:\\\/\\\/altyma-agroalimentaire.com\\\/produit\\\/farine-composee\\\/\"]}]},{\"@type\":\"ImageObject\",\"inLanguage\":\"fr-FR\",\"@id\":\"https:\\\/\\\/altyma-agroalimentaire.com\\\/produit\\\/farine-composee\\\/#primaryimage\",\"url\":\"https:\\\/\\\/altyma-agroalimentaire.com\\\/wp-content\\\/uploads\\\/2025\\\/12\\\/IMG_1413-scaled.jpg\",\"contentUrl\":\"https:\\\/\\\/altyma-agroalimentaire.com\\\/wp-content\\\/uploads\\\/2025\\\/12\\\/IMG_1413-scaled.jpg\",\"width\":2029,\"height\":2560,\"caption\":\"Farine compos\u00e9e\"},{\"@type\":\"BreadcrumbList\",\"@id\":\"https:\\\/\\\/altyma-agroalimentaire.com\\\/produit\\\/farine-composee\\\/#breadcrumb\",\"itemListElement\":[{\"@type\":\"ListItem\",\"position\":1,\"name\":\"Home\",\"item\":\"https:\\\/\\\/altyma-agroalimentaire.com\\\/\"},{\"@type\":\"ListItem\",\"position\":2,\"name\":\"Boutique\",\"item\":\"https:\\\/\\\/altyma-agroalimentaire.com\\\/boutique\\\/\"},{\"@type\":\"ListItem\",\"position\":3,\"name\":\"Farine compos\u00e9e\"}]},{\"@type\":\"WebSite\",\"@id\":\"https:\\\/\\\/altyma-agroalimentaire.com\\\/#website\",\"url\":\"https:\\\/\\\/altyma-agroalimentaire.com\\\/\",\"name\":\"Altyma Agroalimentaire\",\"description\":\"L&#039;hygi\u00e8ne et la qualit\u00e9 notre cr\u00e9do !\",\"publisher\":{\"@id\":\"https:\\\/\\\/altyma-agroalimentaire.com\\\/#organization\"},\"potentialAction\":[{\"@type\":\"SearchAction\",\"target\":{\"@type\":\"EntryPoint\",\"urlTemplate\":\"https:\\\/\\\/altyma-agroalimentaire.com\\\/?s={search_term_string}\"},\"query-input\":{\"@type\":\"PropertyValueSpecification\",\"valueRequired\":true,\"valueName\":\"search_term_string\"}}],\"inLanguage\":\"fr-FR\"},{\"@type\":\"Organization\",\"@id\":\"https:\\\/\\\/altyma-agroalimentaire.com\\\/#organization\",\"name\":\"Altyma Agroalimentaire\",\"url\":\"https:\\\/\\\/altyma-agroalimentaire.com\\\/\",\"logo\":{\"@type\":\"ImageObject\",\"inLanguage\":\"fr-FR\",\"@id\":\"https:\\\/\\\/altyma-agroalimentaire.com\\\/#\\\/schema\\\/logo\\\/image\\\/\",\"url\":\"https:\\\/\\\/altyma-agroalimentaire.com\\\/wp-content\\\/uploads\\\/2025\\\/11\\\/cropped-Altyma-Logo-1.png\",\"contentUrl\":\"https:\\\/\\\/altyma-agroalimentaire.com\\\/wp-content\\\/uploads\\\/2025\\\/11\\\/cropped-Altyma-Logo-1.png\",\"width\":543,\"height\":460,\"caption\":\"Altyma Agroalimentaire\"},\"image\":{\"@id\":\"https:\\\/\\\/altyma-agroalimentaire.com\\\/#\\\/schema\\\/logo\\\/image\\\/\"}}]}<\/script>\n<!-- \/ Yoast SEO plugin. -->","yoast_head_json":{"title":"Farine compos\u00e9e - Altyma Agroalimentaire","description":"La farine compos\u00e9e est un m\u00e9lange soigneusement \u00e9labor\u00e9 \u00e0 partir de c\u00e9r\u00e9ales et ingr\u00e9dients naturels s\u00e9lectionn\u00e9s, offrant une valeur nutritionnelle renforc\u00e9e et une grande polyvalence en cuisine.","robots":{"index":"index","follow":"follow","max-snippet":"max-snippet:-1","max-image-preview":"max-image-preview:large","max-video-preview":"max-video-preview:-1"},"canonical":"https:\/\/altyma-agroalimentaire.com\/fr\/produit\/farine-composee\/","og_locale":"fr_FR","og_type":"article","og_title":"Farine compos\u00e9e - Altyma Agroalimentaire","og_description":"La farine compos\u00e9e est un m\u00e9lange soigneusement \u00e9labor\u00e9 \u00e0 partir de c\u00e9r\u00e9ales et ingr\u00e9dients naturels s\u00e9lectionn\u00e9s, offrant une valeur nutritionnelle renforc\u00e9e et une grande polyvalence en cuisine.","og_url":"https:\/\/altyma-agroalimentaire.com\/fr\/produit\/farine-composee\/","og_site_name":"Altyma Agroalimentaire","article_modified_time":"2026-01-15T20:19:30+00:00","og_image":[{"width":2029,"height":2560,"url":"https:\/\/altyma-agroalimentaire.com\/wp-content\/uploads\/2025\/12\/IMG_1413-scaled.jpg","type":"image\/jpeg"}],"twitter_card":"summary_large_image","twitter_misc":{"Dur\u00e9e de lecture estim\u00e9e":"1 minute"},"schema":{"@context":"https:\/\/schema.org","@graph":[{"@type":"WebPage","@id":"https:\/\/altyma-agroalimentaire.com\/produit\/farine-composee\/","url":"https:\/\/altyma-agroalimentaire.com\/produit\/farine-composee\/","name":"Farine compos\u00e9e - Altyma Agroalimentaire","isPartOf":{"@id":"https:\/\/altyma-agroalimentaire.com\/#website"},"primaryImageOfPage":{"@id":"https:\/\/altyma-agroalimentaire.com\/produit\/farine-composee\/#primaryimage"},"image":{"@id":"https:\/\/altyma-agroalimentaire.com\/produit\/farine-composee\/#primaryimage"},"thumbnailUrl":"https:\/\/altyma-agroalimentaire.com\/wp-content\/uploads\/2025\/12\/IMG_1413-scaled.jpg","datePublished":"2025-12-14T08:57:37+00:00","dateModified":"2026-01-15T20:19:30+00:00","description":"La farine compos\u00e9e est un m\u00e9lange soigneusement \u00e9labor\u00e9 \u00e0 partir de c\u00e9r\u00e9ales et ingr\u00e9dients naturels s\u00e9lectionn\u00e9s, offrant une valeur nutritionnelle renforc\u00e9e et une grande polyvalence en cuisine.","breadcrumb":{"@id":"https:\/\/altyma-agroalimentaire.com\/produit\/farine-composee\/#breadcrumb"},"inLanguage":"fr-FR","potentialAction":[{"@type":"ReadAction","target":["https:\/\/altyma-agroalimentaire.com\/produit\/farine-composee\/"]}]},{"@type":"ImageObject","inLanguage":"fr-FR","@id":"https:\/\/altyma-agroalimentaire.com\/produit\/farine-composee\/#primaryimage","url":"https:\/\/altyma-agroalimentaire.com\/wp-content\/uploads\/2025\/12\/IMG_1413-scaled.jpg","contentUrl":"https:\/\/altyma-agroalimentaire.com\/wp-content\/uploads\/2025\/12\/IMG_1413-scaled.jpg","width":2029,"height":2560,"caption":"Farine compos\u00e9e"},{"@type":"BreadcrumbList","@id":"https:\/\/altyma-agroalimentaire.com\/produit\/farine-composee\/#breadcrumb","itemListElement":[{"@type":"ListItem","position":1,"name":"Home","item":"https:\/\/altyma-agroalimentaire.com\/"},{"@type":"ListItem","position":2,"name":"Boutique","item":"https:\/\/altyma-agroalimentaire.com\/boutique\/"},{"@type":"ListItem","position":3,"name":"Farine compos\u00e9e"}]},{"@type":"WebSite","@id":"https:\/\/altyma-agroalimentaire.com\/#website","url":"https:\/\/altyma-agroalimentaire.com\/","name":"Altyma Agroalimentaire","description":"L&#039;hygi\u00e8ne et la qualit\u00e9 notre cr\u00e9do !","publisher":{"@id":"https:\/\/altyma-agroalimentaire.com\/#organization"},"potentialAction":[{"@type":"SearchAction","target":{"@type":"EntryPoint","urlTemplate":"https:\/\/altyma-agroalimentaire.com\/?s={search_term_string}"},"query-input":{"@type":"PropertyValueSpecification","valueRequired":true,"valueName":"search_term_string"}}],"inLanguage":"fr-FR"},{"@type":"Organization","@id":"https:\/\/altyma-agroalimentaire.com\/#organization","name":"Altyma Agroalimentaire","url":"https:\/\/altyma-agroalimentaire.com\/","logo":{"@type":"ImageObject","inLanguage":"fr-FR","@id":"https:\/\/altyma-agroalimentaire.com\/#\/schema\/logo\/image\/","url":"https:\/\/altyma-agroalimentaire.com\/wp-content\/uploads\/2025\/11\/cropped-Altyma-Logo-1.png","contentUrl":"https:\/\/altyma-agroalimentaire.com\/wp-content\/uploads\/2025\/11\/cropped-Altyma-Logo-1.png","width":543,"height":460,"caption":"Altyma Agroalimentaire"},"image":{"@id":"https:\/\/altyma-agroalimentaire.com\/#\/schema\/logo\/image\/"}}]}},"_links":{"self":[{"href":"https:\/\/altyma-agroalimentaire.com\/fr\/wp-json\/wp\/v2\/product\/152","targetHints":{"allow":["GET"]}}],"collection":[{"href":"https:\/\/altyma-agroalimentaire.com\/fr\/wp-json\/wp\/v2\/product"}],"about":[{"href":"https:\/\/altyma-agroalimentaire.com\/fr\/wp-json\/wp\/v2\/types\/product"}],"replies":[{"embeddable":true,"href":"https:\/\/altyma-agroalimentaire.com\/fr\/wp-json\/wp\/v2\/comments?post=152"}],"wp:featuredmedia":[{"embeddable":true,"href":"https:\/\/altyma-agroalimentaire.com\/fr\/wp-json\/wp\/v2\/media\/153"}],"wp:attachment":[{"href":"https:\/\/altyma-agroalimentaire.com\/fr\/wp-json\/wp\/v2\/media?parent=152"}],"wp:term":[{"taxonomy":"product_brand","embeddable":true,"href":"https:\/\/altyma-agroalimentaire.com\/fr\/wp-json\/wp\/v2\/product_brand?post=152"},{"taxonomy":"product_cat","embeddable":true,"href":"https:\/\/altyma-agroalimentaire.com\/fr\/wp-json\/wp\/v2\/product_cat?post=152"},{"taxonomy":"product_tag","embeddable":true,"href":"https:\/\/altyma-agroalimentaire.com\/fr\/wp-json\/wp\/v2\/product_tag?post=152"}],"curies":[{"name":"wp","href":"https:\/\/api.w.org\/{rel}","templated":true}]}}