{"id":169,"date":"2025-12-14T09:31:22","date_gmt":"2025-12-14T09:31:22","guid":{"rendered":"https:\/\/altyma-agroalimentaire.com\/?post_type=product&#038;p=169"},"modified":"2026-01-15T20:25:17","modified_gmt":"2026-01-15T20:25:17","slug":"couscous-mil","status":"publish","type":"product","link":"https:\/\/altyma-agroalimentaire.com\/fr\/produit\/couscous-mil\/","title":{"rendered":"Couscous Mil LALO (400g)"},"content":{"rendered":"<p><u>COMPOSITION<\/u>: Mil, Ma\u00efs, Lalo<\/p>\n<p><u>PREPARATION<\/u>: Mettez le contenu dans un bol, aspergez un peu d&#8217;eau puis faites chauffer \u00e0 la vapeur ou mettez dans le micro-ondes environ\u00a010\u00a0minutes, laissez refroidir un peu et consommez avec votre sauce pr\u00e9f\u00e9r\u00e9e ou avec du lait liquide<\/p>\n<p><u>BIENFAITS<\/u>: Plat traditionnel naturel nutritif et tr\u00e8s riche en fibres, fer, magn\u00e9sium \u00a0prot\u00e9ines, calcium, acide folique et favorise la digestion \u00e0 cause du lalo<\/p>\n<p>NB: Fermez herm\u00e9tiquement le paquet apr\u00e8s ouverture pour conservation<\/p>","protected":false},"excerpt":{"rendered":"<p>Mettez le contenu dans un bol, aspergez un peu d&#8217;eau puis faites chauffer \u00e0 la vapeur ou mettez dans le micro-ondes environ 10 minutes, laissez refroidir un peu et consommez avec votre sauce pr\u00e9f\u00e9r\u00e9e ou avec du lait liquide.<\/p>","protected":false},"featured_media":170,"comment_status":"open","ping_status":"closed","template":"","meta":{"site-sidebar-layout":"default","site-content-layout":"","ast-site-content-layout":"default","site-content-style":"default","site-sidebar-style":"default","ast-global-header-display":"","ast-banner-title-visibility":"","ast-main-header-display":"","ast-hfb-above-header-display":"","ast-hfb-below-header-display":"","ast-hfb-mobile-header-display":"","site-post-title":"","ast-breadcrumbs-content":"","ast-featured-img":"","footer-sml-layout":"","theme-transparent-header-meta":"default","adv-header-id-meta":"","stick-header-meta":"","header-above-stick-meta":"","header-main-stick-meta":"","header-below-stick-meta":"","astra-migrate-meta-layouts":"set","ast-page-background-enabled":"default","ast-page-background-meta":{"desktop":{"background-color":"var(--ast-global-color-5)","background-image":"","background-repeat":"repeat","background-position":"center center","background-size":"auto","background-attachment":"scroll","background-type":"","background-media":"","overlay-type":"","overlay-color":"","overlay-opacity":"","overlay-gradient":""},"tablet":{"background-color":"","background-image":"","background-repeat":"repeat","background-position":"center center","background-size":"auto","background-attachment":"scroll","background-type":"","background-media":"","overlay-type":"","overlay-color":"","overlay-opacity":"","overlay-gradient":""},"mobile":{"background-color":"","background-image":"","background-repeat":"repeat","background-position":"center center","background-size":"auto","background-attachment":"scroll","background-type":"","background-media":"","overlay-type":"","overlay-color":"","overlay-opacity":"","overlay-gradient":""}},"ast-content-background-meta":{"desktop":{"background-color":"var(--ast-global-color-4)","background-image":"","background-repeat":"repeat","background-position":"center center","background-size":"auto","background-attachment":"scroll","background-type":"","background-media":"","overlay-type":"","overlay-color":"","overlay-opacity":"","overlay-gradient":""},"tablet":{"background-color":"var(--ast-global-color-4)","background-image":"","background-repeat":"repeat","background-position":"center center","background-size":"auto","background-attachment":"scroll","background-type":"","background-media":"","overlay-type":"","overlay-color":"","overlay-opacity":"","overlay-gradient":""},"mobile":{"background-color":"var(--ast-global-color-4)","background-image":"","background-repeat":"repeat","background-position":"center center","background-size":"auto","background-attachment":"scroll","background-type":"","background-media":"","overlay-type":"","overlay-color":"","overlay-opacity":"","overlay-gradient":""}}},"product_brand":[],"product_cat":[19],"product_tag":[91,103,76,102,101,67,83],"class_list":{"0":"post-169","1":"product","2":"type-product","3":"status-publish","4":"has-post-thumbnail","6":"product_cat-cereales","7":"product_tag-alimentation-traditionnelle","8":"product_tag-bouillie-de-mil","9":"product_tag-cereale-sans-gluten","10":"product_tag-couscous-africain","11":"product_tag-couscous-de-mil","12":"product_tag-mil-moulu","13":"product_tag-produit-local","14":"desktop-align-left","15":"tablet-align-left","16":"mobile-align-left","18":"first","19":"instock","20":"shipping-taxable","21":"purchasable","22":"product-type-simple"},"yoast_head":"<!-- This site is optimized with the Yoast SEO plugin v27.6 - https:\/\/yoast.com\/product\/yoast-seo-wordpress\/ -->\n<title>Couscous Mil LALO (400g) - Altyma Agroalimentaire<\/title>\n<meta name=\"description\" content=\"Le Couscous de Mil est pr\u00e9par\u00e9 \u00e0 partir de mil finement moulu et transform\u00e9 selon les m\u00e9thodes artisanales locales de pr\u00e9paration.\" \/>\n<meta name=\"robots\" content=\"index, follow, max-snippet:-1, max-image-preview:large, max-video-preview:-1\" \/>\n<link rel=\"canonical\" href=\"https:\/\/altyma-agroalimentaire.com\/fr\/produit\/couscous-mil\/\" \/>\n<meta property=\"og:locale\" content=\"fr_FR\" \/>\n<meta property=\"og:type\" content=\"article\" \/>\n<meta property=\"og:title\" content=\"Couscous Mil LALO (400g) - Altyma Agroalimentaire\" \/>\n<meta property=\"og:description\" content=\"Le Couscous de Mil est pr\u00e9par\u00e9 \u00e0 partir de mil finement moulu et transform\u00e9 selon les m\u00e9thodes artisanales locales de pr\u00e9paration.\" \/>\n<meta property=\"og:url\" content=\"https:\/\/altyma-agroalimentaire.com\/fr\/produit\/couscous-mil\/\" \/>\n<meta property=\"og:site_name\" content=\"Altyma Agroalimentaire\" \/>\n<meta property=\"article:modified_time\" content=\"2026-01-15T20:25:17+00:00\" \/>\n<meta property=\"og:image\" content=\"https:\/\/altyma-agroalimentaire.com\/wp-content\/uploads\/2025\/12\/IMG_1420-scaled.jpg\" \/>\n\t<meta property=\"og:image:width\" content=\"1978\" \/>\n\t<meta property=\"og:image:height\" content=\"2560\" \/>\n\t<meta property=\"og:image:type\" content=\"image\/jpeg\" \/>\n<meta name=\"twitter:card\" content=\"summary_large_image\" \/>\n<meta name=\"twitter:label1\" content=\"Dur\u00e9e de lecture estim\u00e9e\" \/>\n\t<meta name=\"twitter:data1\" content=\"1 minute\" \/>\n<script type=\"application\/ld+json\" class=\"yoast-schema-graph\">{\"@context\":\"https:\\\/\\\/schema.org\",\"@graph\":[{\"@type\":\"WebPage\",\"@id\":\"https:\\\/\\\/altyma-agroalimentaire.com\\\/produit\\\/couscous-mil\\\/\",\"url\":\"https:\\\/\\\/altyma-agroalimentaire.com\\\/produit\\\/couscous-mil\\\/\",\"name\":\"Couscous Mil LALO (400g) - Altyma Agroalimentaire\",\"isPartOf\":{\"@id\":\"https:\\\/\\\/altyma-agroalimentaire.com\\\/#website\"},\"primaryImageOfPage\":{\"@id\":\"https:\\\/\\\/altyma-agroalimentaire.com\\\/produit\\\/couscous-mil\\\/#primaryimage\"},\"image\":{\"@id\":\"https:\\\/\\\/altyma-agroalimentaire.com\\\/produit\\\/couscous-mil\\\/#primaryimage\"},\"thumbnailUrl\":\"https:\\\/\\\/altyma-agroalimentaire.com\\\/wp-content\\\/uploads\\\/2025\\\/12\\\/IMG_1420-scaled.jpg\",\"datePublished\":\"2025-12-14T09:31:22+00:00\",\"dateModified\":\"2026-01-15T20:25:17+00:00\",\"description\":\"Le Couscous de Mil est pr\u00e9par\u00e9 \u00e0 partir de mil finement moulu et transform\u00e9 selon les m\u00e9thodes artisanales locales de pr\u00e9paration.\",\"breadcrumb\":{\"@id\":\"https:\\\/\\\/altyma-agroalimentaire.com\\\/produit\\\/couscous-mil\\\/#breadcrumb\"},\"inLanguage\":\"fr-FR\",\"potentialAction\":[{\"@type\":\"ReadAction\",\"target\":[\"https:\\\/\\\/altyma-agroalimentaire.com\\\/produit\\\/couscous-mil\\\/\"]}]},{\"@type\":\"ImageObject\",\"inLanguage\":\"fr-FR\",\"@id\":\"https:\\\/\\\/altyma-agroalimentaire.com\\\/produit\\\/couscous-mil\\\/#primaryimage\",\"url\":\"https:\\\/\\\/altyma-agroalimentaire.com\\\/wp-content\\\/uploads\\\/2025\\\/12\\\/IMG_1420-scaled.jpg\",\"contentUrl\":\"https:\\\/\\\/altyma-agroalimentaire.com\\\/wp-content\\\/uploads\\\/2025\\\/12\\\/IMG_1420-scaled.jpg\",\"width\":1978,\"height\":2560,\"caption\":\"Couscous Mil\"},{\"@type\":\"BreadcrumbList\",\"@id\":\"https:\\\/\\\/altyma-agroalimentaire.com\\\/produit\\\/couscous-mil\\\/#breadcrumb\",\"itemListElement\":[{\"@type\":\"ListItem\",\"position\":1,\"name\":\"Home\",\"item\":\"https:\\\/\\\/altyma-agroalimentaire.com\\\/\"},{\"@type\":\"ListItem\",\"position\":2,\"name\":\"Boutique\",\"item\":\"https:\\\/\\\/altyma-agroalimentaire.com\\\/boutique\\\/\"},{\"@type\":\"ListItem\",\"position\":3,\"name\":\"Couscous Mil LALO (400g)\"}]},{\"@type\":\"WebSite\",\"@id\":\"https:\\\/\\\/altyma-agroalimentaire.com\\\/#website\",\"url\":\"https:\\\/\\\/altyma-agroalimentaire.com\\\/\",\"name\":\"Altyma Agroalimentaire\",\"description\":\"L&#039;hygi\u00e8ne et la qualit\u00e9 notre cr\u00e9do !\",\"publisher\":{\"@id\":\"https:\\\/\\\/altyma-agroalimentaire.com\\\/#organization\"},\"potentialAction\":[{\"@type\":\"SearchAction\",\"target\":{\"@type\":\"EntryPoint\",\"urlTemplate\":\"https:\\\/\\\/altyma-agroalimentaire.com\\\/?s={search_term_string}\"},\"query-input\":{\"@type\":\"PropertyValueSpecification\",\"valueRequired\":true,\"valueName\":\"search_term_string\"}}],\"inLanguage\":\"fr-FR\"},{\"@type\":\"Organization\",\"@id\":\"https:\\\/\\\/altyma-agroalimentaire.com\\\/#organization\",\"name\":\"Altyma Agroalimentaire\",\"url\":\"https:\\\/\\\/altyma-agroalimentaire.com\\\/\",\"logo\":{\"@type\":\"ImageObject\",\"inLanguage\":\"fr-FR\",\"@id\":\"https:\\\/\\\/altyma-agroalimentaire.com\\\/#\\\/schema\\\/logo\\\/image\\\/\",\"url\":\"https:\\\/\\\/altyma-agroalimentaire.com\\\/wp-content\\\/uploads\\\/2025\\\/11\\\/cropped-Altyma-Logo-1.png\",\"contentUrl\":\"https:\\\/\\\/altyma-agroalimentaire.com\\\/wp-content\\\/uploads\\\/2025\\\/11\\\/cropped-Altyma-Logo-1.png\",\"width\":543,\"height\":460,\"caption\":\"Altyma Agroalimentaire\"},\"image\":{\"@id\":\"https:\\\/\\\/altyma-agroalimentaire.com\\\/#\\\/schema\\\/logo\\\/image\\\/\"}}]}<\/script>\n<!-- \/ Yoast SEO plugin. -->","yoast_head_json":{"title":"Couscous Mil LALO (400g) - Altyma Agroalimentaire","description":"Le Couscous de Mil est pr\u00e9par\u00e9 \u00e0 partir de mil finement moulu et transform\u00e9 selon les m\u00e9thodes artisanales locales de pr\u00e9paration.","robots":{"index":"index","follow":"follow","max-snippet":"max-snippet:-1","max-image-preview":"max-image-preview:large","max-video-preview":"max-video-preview:-1"},"canonical":"https:\/\/altyma-agroalimentaire.com\/fr\/produit\/couscous-mil\/","og_locale":"fr_FR","og_type":"article","og_title":"Couscous Mil LALO (400g) - Altyma Agroalimentaire","og_description":"Le Couscous de Mil est pr\u00e9par\u00e9 \u00e0 partir de mil finement moulu et transform\u00e9 selon les m\u00e9thodes artisanales locales de pr\u00e9paration.","og_url":"https:\/\/altyma-agroalimentaire.com\/fr\/produit\/couscous-mil\/","og_site_name":"Altyma Agroalimentaire","article_modified_time":"2026-01-15T20:25:17+00:00","og_image":[{"width":1978,"height":2560,"url":"https:\/\/altyma-agroalimentaire.com\/wp-content\/uploads\/2025\/12\/IMG_1420-scaled.jpg","type":"image\/jpeg"}],"twitter_card":"summary_large_image","twitter_misc":{"Dur\u00e9e de lecture estim\u00e9e":"1 minute"},"schema":{"@context":"https:\/\/schema.org","@graph":[{"@type":"WebPage","@id":"https:\/\/altyma-agroalimentaire.com\/produit\/couscous-mil\/","url":"https:\/\/altyma-agroalimentaire.com\/produit\/couscous-mil\/","name":"Couscous Mil LALO (400g) - Altyma Agroalimentaire","isPartOf":{"@id":"https:\/\/altyma-agroalimentaire.com\/#website"},"primaryImageOfPage":{"@id":"https:\/\/altyma-agroalimentaire.com\/produit\/couscous-mil\/#primaryimage"},"image":{"@id":"https:\/\/altyma-agroalimentaire.com\/produit\/couscous-mil\/#primaryimage"},"thumbnailUrl":"https:\/\/altyma-agroalimentaire.com\/wp-content\/uploads\/2025\/12\/IMG_1420-scaled.jpg","datePublished":"2025-12-14T09:31:22+00:00","dateModified":"2026-01-15T20:25:17+00:00","description":"Le Couscous de Mil est pr\u00e9par\u00e9 \u00e0 partir de mil finement moulu et transform\u00e9 selon les m\u00e9thodes artisanales locales de pr\u00e9paration.","breadcrumb":{"@id":"https:\/\/altyma-agroalimentaire.com\/produit\/couscous-mil\/#breadcrumb"},"inLanguage":"fr-FR","potentialAction":[{"@type":"ReadAction","target":["https:\/\/altyma-agroalimentaire.com\/produit\/couscous-mil\/"]}]},{"@type":"ImageObject","inLanguage":"fr-FR","@id":"https:\/\/altyma-agroalimentaire.com\/produit\/couscous-mil\/#primaryimage","url":"https:\/\/altyma-agroalimentaire.com\/wp-content\/uploads\/2025\/12\/IMG_1420-scaled.jpg","contentUrl":"https:\/\/altyma-agroalimentaire.com\/wp-content\/uploads\/2025\/12\/IMG_1420-scaled.jpg","width":1978,"height":2560,"caption":"Couscous Mil"},{"@type":"BreadcrumbList","@id":"https:\/\/altyma-agroalimentaire.com\/produit\/couscous-mil\/#breadcrumb","itemListElement":[{"@type":"ListItem","position":1,"name":"Home","item":"https:\/\/altyma-agroalimentaire.com\/"},{"@type":"ListItem","position":2,"name":"Boutique","item":"https:\/\/altyma-agroalimentaire.com\/boutique\/"},{"@type":"ListItem","position":3,"name":"Couscous Mil LALO (400g)"}]},{"@type":"WebSite","@id":"https:\/\/altyma-agroalimentaire.com\/#website","url":"https:\/\/altyma-agroalimentaire.com\/","name":"Altyma Agroalimentaire","description":"L&#039;hygi\u00e8ne et la qualit\u00e9 notre cr\u00e9do !","publisher":{"@id":"https:\/\/altyma-agroalimentaire.com\/#organization"},"potentialAction":[{"@type":"SearchAction","target":{"@type":"EntryPoint","urlTemplate":"https:\/\/altyma-agroalimentaire.com\/?s={search_term_string}"},"query-input":{"@type":"PropertyValueSpecification","valueRequired":true,"valueName":"search_term_string"}}],"inLanguage":"fr-FR"},{"@type":"Organization","@id":"https:\/\/altyma-agroalimentaire.com\/#organization","name":"Altyma Agroalimentaire","url":"https:\/\/altyma-agroalimentaire.com\/","logo":{"@type":"ImageObject","inLanguage":"fr-FR","@id":"https:\/\/altyma-agroalimentaire.com\/#\/schema\/logo\/image\/","url":"https:\/\/altyma-agroalimentaire.com\/wp-content\/uploads\/2025\/11\/cropped-Altyma-Logo-1.png","contentUrl":"https:\/\/altyma-agroalimentaire.com\/wp-content\/uploads\/2025\/11\/cropped-Altyma-Logo-1.png","width":543,"height":460,"caption":"Altyma Agroalimentaire"},"image":{"@id":"https:\/\/altyma-agroalimentaire.com\/#\/schema\/logo\/image\/"}}]}},"_links":{"self":[{"href":"https:\/\/altyma-agroalimentaire.com\/fr\/wp-json\/wp\/v2\/product\/169","targetHints":{"allow":["GET"]}}],"collection":[{"href":"https:\/\/altyma-agroalimentaire.com\/fr\/wp-json\/wp\/v2\/product"}],"about":[{"href":"https:\/\/altyma-agroalimentaire.com\/fr\/wp-json\/wp\/v2\/types\/product"}],"replies":[{"embeddable":true,"href":"https:\/\/altyma-agroalimentaire.com\/fr\/wp-json\/wp\/v2\/comments?post=169"}],"wp:featuredmedia":[{"embeddable":true,"href":"https:\/\/altyma-agroalimentaire.com\/fr\/wp-json\/wp\/v2\/media\/170"}],"wp:attachment":[{"href":"https:\/\/altyma-agroalimentaire.com\/fr\/wp-json\/wp\/v2\/media?parent=169"}],"wp:term":[{"taxonomy":"product_brand","embeddable":true,"href":"https:\/\/altyma-agroalimentaire.com\/fr\/wp-json\/wp\/v2\/product_brand?post=169"},{"taxonomy":"product_cat","embeddable":true,"href":"https:\/\/altyma-agroalimentaire.com\/fr\/wp-json\/wp\/v2\/product_cat?post=169"},{"taxonomy":"product_tag","embeddable":true,"href":"https:\/\/altyma-agroalimentaire.com\/fr\/wp-json\/wp\/v2\/product_tag?post=169"}],"curies":[{"name":"wp","href":"https:\/\/api.w.org\/{rel}","templated":true}]}}