{"id":173,"date":"2025-12-14T09:39:12","date_gmt":"2025-12-14T09:39:12","guid":{"rendered":"https:\/\/altyma-agroalimentaire.com\/?post_type=product&#038;p=173"},"modified":"2026-01-15T20:45:18","modified_gmt":"2026-01-15T20:45:18","slug":"melange-nana","status":"publish","type":"product","link":"https:\/\/altyma-agroalimentaire.com\/fr\/produit\/melange-nana\/","title":{"rendered":"M\u00e9lange Nana"},"content":{"rendered":"<p><u>COMPOSITION<\/u>: Feuilles de menthe ordinaire, pastille, fass, choose, citronnelle, basilic, verveine, clou de girofle<\/p>\n<p><u>PREPARATION<\/u>: Mettez une pinc\u00e9e dans votre th\u00e9 ou infusez dans votre th\u00e9i\u00e8re quelques minutes et buvez avec ou sans sucre<\/p>\n<p><u>BIENFAITS<\/u>: Facilite la digestion, c\u2019est un alli\u00e9 tr\u00e8s pr\u00e9cieux du bien \u00eatre quotidien. Il soulage le corps surtout quand il fait froid<\/p>\n<p>&nbsp;<\/p>\n<p>NB: Fermez herm\u00e9tiquement le paquet apr\u00e8s ouverture pour conservation<\/p>","protected":false},"excerpt":{"rendered":"<p>Mettez une pinc\u00e9e dans votre th\u00e9 ou infusez dans votre th\u00e9i\u00e8re quelques minutes et buvez avec ou sans sucre.<\/p>","protected":false},"featured_media":174,"comment_status":"open","ping_status":"closed","template":"","meta":{"site-sidebar-layout":"default","site-content-layout":"","ast-site-content-layout":"default","site-content-style":"default","site-sidebar-style":"default","ast-global-header-display":"","ast-banner-title-visibility":"","ast-main-header-display":"","ast-hfb-above-header-display":"","ast-hfb-below-header-display":"","ast-hfb-mobile-header-display":"","site-post-title":"","ast-breadcrumbs-content":"","ast-featured-img":"","footer-sml-layout":"","theme-transparent-header-meta":"default","adv-header-id-meta":"","stick-header-meta":"","header-above-stick-meta":"","header-main-stick-meta":"","header-below-stick-meta":"","astra-migrate-meta-layouts":"set","ast-page-background-enabled":"default","ast-page-background-meta":{"desktop":{"background-color":"var(--ast-global-color-5)","background-image":"","background-repeat":"repeat","background-position":"center center","background-size":"auto","background-attachment":"scroll","background-type":"","background-media":"","overlay-type":"","overlay-color":"","overlay-opacity":"","overlay-gradient":""},"tablet":{"background-color":"","background-image":"","background-repeat":"repeat","background-position":"center center","background-size":"auto","background-attachment":"scroll","background-type":"","background-media":"","overlay-type":"","overlay-color":"","overlay-opacity":"","overlay-gradient":""},"mobile":{"background-color":"","background-image":"","background-repeat":"repeat","background-position":"center center","background-size":"auto","background-attachment":"scroll","background-type":"","background-media":"","overlay-type":"","overlay-color":"","overlay-opacity":"","overlay-gradient":""}},"ast-content-background-meta":{"desktop":{"background-color":"var(--ast-global-color-4)","background-image":"","background-repeat":"repeat","background-position":"center center","background-size":"auto","background-attachment":"scroll","background-type":"","background-media":"","overlay-type":"","overlay-color":"","overlay-opacity":"","overlay-gradient":""},"tablet":{"background-color":"var(--ast-global-color-4)","background-image":"","background-repeat":"repeat","background-position":"center center","background-size":"auto","background-attachment":"scroll","background-type":"","background-media":"","overlay-type":"","overlay-color":"","overlay-opacity":"","overlay-gradient":""},"mobile":{"background-color":"var(--ast-global-color-4)","background-image":"","background-repeat":"repeat","background-position":"center center","background-size":"auto","background-attachment":"scroll","background-type":"","background-media":"","overlay-type":"","overlay-color":"","overlay-opacity":"","overlay-gradient":""}}},"product_brand":[],"product_cat":[57],"product_tag":[113,62,111,114,110,83,112],"class_list":{"0":"post-173","1":"product","2":"type-product","3":"status-publish","4":"has-post-thumbnail","6":"product_cat-infusion","7":"product_tag-boisson-africaine","8":"product_tag-boisson-digestive","9":"product_tag-infusion-menthe-nana","10":"product_tag-infusion-traditionnelle","11":"product_tag-melange-nana","12":"product_tag-produit-local","13":"product_tag-tisane-naturelle","14":"desktop-align-left","15":"tablet-align-left","16":"mobile-align-left","18":"first","19":"instock","20":"shipping-taxable","21":"purchasable","22":"product-type-simple"},"yoast_head":"<!-- This site is optimized with the Yoast SEO plugin v27.6 - https:\/\/yoast.com\/product\/yoast-seo-wordpress\/ -->\n<title>M\u00e9lange Nana - Altyma Agroalimentaire<\/title>\n<meta name=\"description\" content=\"Le M\u00e9lange Nana est une infusion traditionnelle \u00e0 base de menthe nana et autres plantes soigneusement s\u00e9lectionn\u00e9es, reconnue pour sa saveur rafra\u00eechissante et parfum\u00e9e et ses vertus digestives.\" \/>\n<meta name=\"robots\" content=\"index, follow, max-snippet:-1, max-image-preview:large, max-video-preview:-1\" \/>\n<link rel=\"canonical\" href=\"https:\/\/altyma-agroalimentaire.com\/fr\/produit\/melange-nana\/\" \/>\n<meta property=\"og:locale\" content=\"fr_FR\" \/>\n<meta property=\"og:type\" content=\"article\" \/>\n<meta property=\"og:title\" content=\"M\u00e9lange Nana - Altyma Agroalimentaire\" \/>\n<meta property=\"og:description\" content=\"Le M\u00e9lange Nana est une infusion traditionnelle \u00e0 base de menthe nana et autres plantes soigneusement s\u00e9lectionn\u00e9es, reconnue pour sa saveur rafra\u00eechissante et parfum\u00e9e et ses vertus digestives.\" \/>\n<meta property=\"og:url\" content=\"https:\/\/altyma-agroalimentaire.com\/fr\/produit\/melange-nana\/\" \/>\n<meta property=\"og:site_name\" content=\"Altyma Agroalimentaire\" \/>\n<meta property=\"article:modified_time\" content=\"2026-01-15T20:45:18+00:00\" \/>\n<meta property=\"og:image\" content=\"https:\/\/altyma-agroalimentaire.com\/wp-content\/uploads\/2025\/12\/IMG_1422-scaled.jpg\" \/>\n\t<meta property=\"og:image:width\" content=\"1978\" \/>\n\t<meta property=\"og:image:height\" content=\"2560\" \/>\n\t<meta property=\"og:image:type\" content=\"image\/jpeg\" \/>\n<meta name=\"twitter:card\" content=\"summary_large_image\" \/>\n<meta name=\"twitter:label1\" content=\"Dur\u00e9e de lecture estim\u00e9e\" \/>\n\t<meta name=\"twitter:data1\" content=\"1 minute\" \/>\n<script type=\"application\/ld+json\" class=\"yoast-schema-graph\">{\"@context\":\"https:\\\/\\\/schema.org\",\"@graph\":[{\"@type\":\"WebPage\",\"@id\":\"https:\\\/\\\/altyma-agroalimentaire.com\\\/produit\\\/melange-nana\\\/\",\"url\":\"https:\\\/\\\/altyma-agroalimentaire.com\\\/produit\\\/melange-nana\\\/\",\"name\":\"M\u00e9lange Nana - Altyma Agroalimentaire\",\"isPartOf\":{\"@id\":\"https:\\\/\\\/altyma-agroalimentaire.com\\\/#website\"},\"primaryImageOfPage\":{\"@id\":\"https:\\\/\\\/altyma-agroalimentaire.com\\\/produit\\\/melange-nana\\\/#primaryimage\"},\"image\":{\"@id\":\"https:\\\/\\\/altyma-agroalimentaire.com\\\/produit\\\/melange-nana\\\/#primaryimage\"},\"thumbnailUrl\":\"https:\\\/\\\/altyma-agroalimentaire.com\\\/wp-content\\\/uploads\\\/2025\\\/12\\\/IMG_1422-scaled.jpg\",\"datePublished\":\"2025-12-14T09:39:12+00:00\",\"dateModified\":\"2026-01-15T20:45:18+00:00\",\"description\":\"Le M\u00e9lange Nana est une infusion traditionnelle \u00e0 base de menthe nana et autres plantes soigneusement s\u00e9lectionn\u00e9es, reconnue pour sa saveur rafra\u00eechissante et parfum\u00e9e et ses vertus digestives.\",\"breadcrumb\":{\"@id\":\"https:\\\/\\\/altyma-agroalimentaire.com\\\/produit\\\/melange-nana\\\/#breadcrumb\"},\"inLanguage\":\"fr-FR\",\"potentialAction\":[{\"@type\":\"ReadAction\",\"target\":[\"https:\\\/\\\/altyma-agroalimentaire.com\\\/produit\\\/melange-nana\\\/\"]}]},{\"@type\":\"ImageObject\",\"inLanguage\":\"fr-FR\",\"@id\":\"https:\\\/\\\/altyma-agroalimentaire.com\\\/produit\\\/melange-nana\\\/#primaryimage\",\"url\":\"https:\\\/\\\/altyma-agroalimentaire.com\\\/wp-content\\\/uploads\\\/2025\\\/12\\\/IMG_1422-scaled.jpg\",\"contentUrl\":\"https:\\\/\\\/altyma-agroalimentaire.com\\\/wp-content\\\/uploads\\\/2025\\\/12\\\/IMG_1422-scaled.jpg\",\"width\":1978,\"height\":2560,\"caption\":\"M\u00e9lange Nana\"},{\"@type\":\"BreadcrumbList\",\"@id\":\"https:\\\/\\\/altyma-agroalimentaire.com\\\/produit\\\/melange-nana\\\/#breadcrumb\",\"itemListElement\":[{\"@type\":\"ListItem\",\"position\":1,\"name\":\"Home\",\"item\":\"https:\\\/\\\/altyma-agroalimentaire.com\\\/\"},{\"@type\":\"ListItem\",\"position\":2,\"name\":\"Boutique\",\"item\":\"https:\\\/\\\/altyma-agroalimentaire.com\\\/boutique\\\/\"},{\"@type\":\"ListItem\",\"position\":3,\"name\":\"M\u00e9lange Nana\"}]},{\"@type\":\"WebSite\",\"@id\":\"https:\\\/\\\/altyma-agroalimentaire.com\\\/#website\",\"url\":\"https:\\\/\\\/altyma-agroalimentaire.com\\\/\",\"name\":\"Altyma Agroalimentaire\",\"description\":\"L&#039;hygi\u00e8ne et la qualit\u00e9 notre cr\u00e9do !\",\"publisher\":{\"@id\":\"https:\\\/\\\/altyma-agroalimentaire.com\\\/#organization\"},\"potentialAction\":[{\"@type\":\"SearchAction\",\"target\":{\"@type\":\"EntryPoint\",\"urlTemplate\":\"https:\\\/\\\/altyma-agroalimentaire.com\\\/?s={search_term_string}\"},\"query-input\":{\"@type\":\"PropertyValueSpecification\",\"valueRequired\":true,\"valueName\":\"search_term_string\"}}],\"inLanguage\":\"fr-FR\"},{\"@type\":\"Organization\",\"@id\":\"https:\\\/\\\/altyma-agroalimentaire.com\\\/#organization\",\"name\":\"Altyma Agroalimentaire\",\"url\":\"https:\\\/\\\/altyma-agroalimentaire.com\\\/\",\"logo\":{\"@type\":\"ImageObject\",\"inLanguage\":\"fr-FR\",\"@id\":\"https:\\\/\\\/altyma-agroalimentaire.com\\\/#\\\/schema\\\/logo\\\/image\\\/\",\"url\":\"https:\\\/\\\/altyma-agroalimentaire.com\\\/wp-content\\\/uploads\\\/2025\\\/11\\\/cropped-Altyma-Logo-1.png\",\"contentUrl\":\"https:\\\/\\\/altyma-agroalimentaire.com\\\/wp-content\\\/uploads\\\/2025\\\/11\\\/cropped-Altyma-Logo-1.png\",\"width\":543,\"height\":460,\"caption\":\"Altyma Agroalimentaire\"},\"image\":{\"@id\":\"https:\\\/\\\/altyma-agroalimentaire.com\\\/#\\\/schema\\\/logo\\\/image\\\/\"}}]}<\/script>\n<!-- \/ Yoast SEO plugin. -->","yoast_head_json":{"title":"M\u00e9lange Nana - Altyma Agroalimentaire","description":"Le M\u00e9lange Nana est une infusion traditionnelle \u00e0 base de menthe nana et autres plantes soigneusement s\u00e9lectionn\u00e9es, reconnue pour sa saveur rafra\u00eechissante et parfum\u00e9e et ses vertus digestives.","robots":{"index":"index","follow":"follow","max-snippet":"max-snippet:-1","max-image-preview":"max-image-preview:large","max-video-preview":"max-video-preview:-1"},"canonical":"https:\/\/altyma-agroalimentaire.com\/fr\/produit\/melange-nana\/","og_locale":"fr_FR","og_type":"article","og_title":"M\u00e9lange Nana - Altyma Agroalimentaire","og_description":"Le M\u00e9lange Nana est une infusion traditionnelle \u00e0 base de menthe nana et autres plantes soigneusement s\u00e9lectionn\u00e9es, reconnue pour sa saveur rafra\u00eechissante et parfum\u00e9e et ses vertus digestives.","og_url":"https:\/\/altyma-agroalimentaire.com\/fr\/produit\/melange-nana\/","og_site_name":"Altyma Agroalimentaire","article_modified_time":"2026-01-15T20:45:18+00:00","og_image":[{"width":1978,"height":2560,"url":"https:\/\/altyma-agroalimentaire.com\/wp-content\/uploads\/2025\/12\/IMG_1422-scaled.jpg","type":"image\/jpeg"}],"twitter_card":"summary_large_image","twitter_misc":{"Dur\u00e9e de lecture estim\u00e9e":"1 minute"},"schema":{"@context":"https:\/\/schema.org","@graph":[{"@type":"WebPage","@id":"https:\/\/altyma-agroalimentaire.com\/produit\/melange-nana\/","url":"https:\/\/altyma-agroalimentaire.com\/produit\/melange-nana\/","name":"M\u00e9lange Nana - Altyma Agroalimentaire","isPartOf":{"@id":"https:\/\/altyma-agroalimentaire.com\/#website"},"primaryImageOfPage":{"@id":"https:\/\/altyma-agroalimentaire.com\/produit\/melange-nana\/#primaryimage"},"image":{"@id":"https:\/\/altyma-agroalimentaire.com\/produit\/melange-nana\/#primaryimage"},"thumbnailUrl":"https:\/\/altyma-agroalimentaire.com\/wp-content\/uploads\/2025\/12\/IMG_1422-scaled.jpg","datePublished":"2025-12-14T09:39:12+00:00","dateModified":"2026-01-15T20:45:18+00:00","description":"Le M\u00e9lange Nana est une infusion traditionnelle \u00e0 base de menthe nana et autres plantes soigneusement s\u00e9lectionn\u00e9es, reconnue pour sa saveur rafra\u00eechissante et parfum\u00e9e et ses vertus digestives.","breadcrumb":{"@id":"https:\/\/altyma-agroalimentaire.com\/produit\/melange-nana\/#breadcrumb"},"inLanguage":"fr-FR","potentialAction":[{"@type":"ReadAction","target":["https:\/\/altyma-agroalimentaire.com\/produit\/melange-nana\/"]}]},{"@type":"ImageObject","inLanguage":"fr-FR","@id":"https:\/\/altyma-agroalimentaire.com\/produit\/melange-nana\/#primaryimage","url":"https:\/\/altyma-agroalimentaire.com\/wp-content\/uploads\/2025\/12\/IMG_1422-scaled.jpg","contentUrl":"https:\/\/altyma-agroalimentaire.com\/wp-content\/uploads\/2025\/12\/IMG_1422-scaled.jpg","width":1978,"height":2560,"caption":"M\u00e9lange Nana"},{"@type":"BreadcrumbList","@id":"https:\/\/altyma-agroalimentaire.com\/produit\/melange-nana\/#breadcrumb","itemListElement":[{"@type":"ListItem","position":1,"name":"Home","item":"https:\/\/altyma-agroalimentaire.com\/"},{"@type":"ListItem","position":2,"name":"Boutique","item":"https:\/\/altyma-agroalimentaire.com\/boutique\/"},{"@type":"ListItem","position":3,"name":"M\u00e9lange Nana"}]},{"@type":"WebSite","@id":"https:\/\/altyma-agroalimentaire.com\/#website","url":"https:\/\/altyma-agroalimentaire.com\/","name":"Altyma Agroalimentaire","description":"L&#039;hygi\u00e8ne et la qualit\u00e9 notre cr\u00e9do !","publisher":{"@id":"https:\/\/altyma-agroalimentaire.com\/#organization"},"potentialAction":[{"@type":"SearchAction","target":{"@type":"EntryPoint","urlTemplate":"https:\/\/altyma-agroalimentaire.com\/?s={search_term_string}"},"query-input":{"@type":"PropertyValueSpecification","valueRequired":true,"valueName":"search_term_string"}}],"inLanguage":"fr-FR"},{"@type":"Organization","@id":"https:\/\/altyma-agroalimentaire.com\/#organization","name":"Altyma Agroalimentaire","url":"https:\/\/altyma-agroalimentaire.com\/","logo":{"@type":"ImageObject","inLanguage":"fr-FR","@id":"https:\/\/altyma-agroalimentaire.com\/#\/schema\/logo\/image\/","url":"https:\/\/altyma-agroalimentaire.com\/wp-content\/uploads\/2025\/11\/cropped-Altyma-Logo-1.png","contentUrl":"https:\/\/altyma-agroalimentaire.com\/wp-content\/uploads\/2025\/11\/cropped-Altyma-Logo-1.png","width":543,"height":460,"caption":"Altyma Agroalimentaire"},"image":{"@id":"https:\/\/altyma-agroalimentaire.com\/#\/schema\/logo\/image\/"}}]}},"_links":{"self":[{"href":"https:\/\/altyma-agroalimentaire.com\/fr\/wp-json\/wp\/v2\/product\/173","targetHints":{"allow":["GET"]}}],"collection":[{"href":"https:\/\/altyma-agroalimentaire.com\/fr\/wp-json\/wp\/v2\/product"}],"about":[{"href":"https:\/\/altyma-agroalimentaire.com\/fr\/wp-json\/wp\/v2\/types\/product"}],"replies":[{"embeddable":true,"href":"https:\/\/altyma-agroalimentaire.com\/fr\/wp-json\/wp\/v2\/comments?post=173"}],"wp:featuredmedia":[{"embeddable":true,"href":"https:\/\/altyma-agroalimentaire.com\/fr\/wp-json\/wp\/v2\/media\/174"}],"wp:attachment":[{"href":"https:\/\/altyma-agroalimentaire.com\/fr\/wp-json\/wp\/v2\/media?parent=173"}],"wp:term":[{"taxonomy":"product_brand","embeddable":true,"href":"https:\/\/altyma-agroalimentaire.com\/fr\/wp-json\/wp\/v2\/product_brand?post=173"},{"taxonomy":"product_cat","embeddable":true,"href":"https:\/\/altyma-agroalimentaire.com\/fr\/wp-json\/wp\/v2\/product_cat?post=173"},{"taxonomy":"product_tag","embeddable":true,"href":"https:\/\/altyma-agroalimentaire.com\/fr\/wp-json\/wp\/v2\/product_tag?post=173"}],"curies":[{"name":"wp","href":"https:\/\/api.w.org\/{rel}","templated":true}]}}