{"id":535,"date":"2025-12-22T21:09:52","date_gmt":"2025-12-22T21:09:52","guid":{"rendered":"https:\/\/altyma-agroalimentaire.com\/?post_type=product&#038;p=535"},"modified":"2025-12-22T21:10:51","modified_gmt":"2025-12-22T21:10:51","slug":"arraw-manioc-1kg","status":"publish","type":"product","link":"https:\/\/altyma-agroalimentaire.com\/fr\/produit\/arraw-manioc-1kg\/","title":{"rendered":"Arraw Manioc (1kg)"},"content":{"rendered":"<p data-start=\"74\" data-end=\"461\">L\u2019Arraw Manioc est un produit alimentaire traditionnel tr\u00e8s appr\u00e9ci\u00e9 en Afrique de l\u2019Ouest, \u00e9labor\u00e9 \u00e0 partir de manioc soigneusement transform\u00e9 selon un savoir-faire artisanal. Reconnu pour sa texture l\u00e9g\u00e8re et son go\u00fbt neutre et agr\u00e9able, l\u2019arraw manioc est id\u00e9al pour la pr\u00e9paration de bouillies, de desserts lact\u00e9s, de petits-d\u00e9jeuners nourrissants ou de repas l\u00e9gers.<\/p>\n<p data-start=\"463\" data-end=\"848\">Naturellement sans gluten, l\u2019arraw manioc convient parfaitement aux personnes ayant des sensibilit\u00e9s alimentaires. Il constitue une excellente source d\u2019\u00e9nergie rapide, facile \u00e0 dig\u00e9rer et adapt\u00e9e aussi bien aux enfants qu\u2019aux adultes. Simple et rapide \u00e0 pr\u00e9parer, il peut \u00eatre consomm\u00e9 avec du lait, du yaourt, du sucre, des fruits ou des ar\u00f4mes naturels selon les pr\u00e9f\u00e9rences.<\/p>\n<p data-start=\"850\" data-end=\"1029\">Choisir l\u2019Arraw Manioc, c\u2019est opter pour un produit authentique, nutritif et local, ancr\u00e9 dans les traditions culinaires et id\u00e9al pour une alimentation saine au quotidien.<\/p>","protected":false},"excerpt":{"rendered":"<p>L\u2019Arraw Manioc est un produit alimentaire traditionnel tr\u00e8s appr\u00e9ci\u00e9 en Afrique de l\u2019Ouest, \u00e9labor\u00e9 \u00e0 partir de manioc soigneusement transform\u00e9 selon un savoir-faire artisanal. Reconnu pour sa texture l\u00e9g\u00e8re et son go\u00fbt neutre et agr\u00e9able, l\u2019arraw manioc est id\u00e9al pour la pr\u00e9paration de bouillies, de desserts lact\u00e9s, de petits-d\u00e9jeuners nourrissants ou de repas l\u00e9gers. Naturellement sans gluten, l\u2019arraw manioc convient parfaitement aux personnes ayant des sensibilit\u00e9s alimentaires. Il constitue une excellente source d\u2019\u00e9nergie rapide, facile \u00e0 dig\u00e9rer et adapt\u00e9e aussi bien aux enfants qu\u2019aux adultes. Simple et rapide \u00e0 pr\u00e9parer, il peut \u00eatre consomm\u00e9 avec du lait, du yaourt, du sucre, des fruits ou des ar\u00f4mes naturels selon les pr\u00e9f\u00e9rences. Choisir l\u2019Arraw Manioc, c\u2019est opter pour un produit authentique, nutritif et local, ancr\u00e9 dans les traditions culinaires et id\u00e9al pour une alimentation saine au quotidien.<\/p>","protected":false},"featured_media":148,"comment_status":"open","ping_status":"closed","template":"","meta":{"site-sidebar-layout":"default","site-content-layout":"","ast-site-content-layout":"default","site-content-style":"default","site-sidebar-style":"default","ast-global-header-display":"","ast-banner-title-visibility":"","ast-main-header-display":"","ast-hfb-above-header-display":"","ast-hfb-below-header-display":"","ast-hfb-mobile-header-display":"","site-post-title":"","ast-breadcrumbs-content":"","ast-featured-img":"","footer-sml-layout":"","theme-transparent-header-meta":"default","adv-header-id-meta":"","stick-header-meta":"","header-above-stick-meta":"","header-main-stick-meta":"","header-below-stick-meta":"","astra-migrate-meta-layouts":"set","ast-page-background-enabled":"default","ast-page-background-meta":{"desktop":{"background-color":"var(--ast-global-color-5)","background-image":"","background-repeat":"repeat","background-position":"center center","background-size":"auto","background-attachment":"scroll","background-type":"","background-media":"","overlay-type":"","overlay-color":"","overlay-opacity":"","overlay-gradient":""},"tablet":{"background-color":"","background-image":"","background-repeat":"repeat","background-position":"center center","background-size":"auto","background-attachment":"scroll","background-type":"","background-media":"","overlay-type":"","overlay-color":"","overlay-opacity":"","overlay-gradient":""},"mobile":{"background-color":"","background-image":"","background-repeat":"repeat","background-position":"center center","background-size":"auto","background-attachment":"scroll","background-type":"","background-media":"","overlay-type":"","overlay-color":"","overlay-opacity":"","overlay-gradient":""}},"ast-content-background-meta":{"desktop":{"background-color":"var(--ast-global-color-4)","background-image":"","background-repeat":"repeat","background-position":"center center","background-size":"auto","background-attachment":"scroll","background-type":"","background-media":"","overlay-type":"","overlay-color":"","overlay-opacity":"","overlay-gradient":""},"tablet":{"background-color":"var(--ast-global-color-4)","background-image":"","background-repeat":"repeat","background-position":"center center","background-size":"auto","background-attachment":"scroll","background-type":"","background-media":"","overlay-type":"","overlay-color":"","overlay-opacity":"","overlay-gradient":""},"mobile":{"background-color":"var(--ast-global-color-4)","background-image":"","background-repeat":"repeat","background-position":"center center","background-size":"auto","background-attachment":"scroll","background-type":"","background-media":"","overlay-type":"","overlay-color":"","overlay-opacity":"","overlay-gradient":""}}},"product_brand":[],"product_cat":[19],"product_tag":[74,73,77,76,75,78],"class_list":{"0":"post-535","1":"product","2":"type-product","3":"status-publish","4":"has-post-thumbnail","6":"product_cat-cereales","7":"product_tag-arraw-africain","8":"product_tag-arraw-manioc","9":"product_tag-bouillie-traditionnelle","10":"product_tag-cereale-sans-gluten","11":"product_tag-manioc-transforme","12":"product_tag-produit-local-africain","13":"desktop-align-left","14":"tablet-align-left","15":"mobile-align-left","17":"first","18":"instock","19":"shipping-taxable","20":"purchasable","21":"product-type-simple"},"yoast_head":"<!-- This site is optimized with the Yoast SEO plugin v27.6 - https:\/\/yoast.com\/product\/yoast-seo-wordpress\/ -->\n<title>Arraw Manioc (1kg) - Altyma Agroalimentaire<\/title>\n<meta name=\"description\" content=\"L\u2019Arraw Manioc est un produit alimentaire traditionnel tr\u00e8s appr\u00e9ci\u00e9 en Afrique de l\u2019Ouest, \u00e9labor\u00e9 \u00e0 partir de manioc soigneusement transform\u00e9 selon un savoir-faire artisanal.\" \/>\n<meta name=\"robots\" content=\"index, follow, max-snippet:-1, max-image-preview:large, max-video-preview:-1\" \/>\n<link rel=\"canonical\" href=\"https:\/\/altyma-agroalimentaire.com\/fr\/produit\/arraw-manioc-1kg\/\" \/>\n<meta property=\"og:locale\" content=\"fr_FR\" \/>\n<meta property=\"og:type\" content=\"article\" \/>\n<meta property=\"og:title\" content=\"Arraw Manioc (1kg) - Altyma Agroalimentaire\" \/>\n<meta property=\"og:description\" content=\"L\u2019Arraw Manioc est un produit alimentaire traditionnel tr\u00e8s appr\u00e9ci\u00e9 en Afrique de l\u2019Ouest, \u00e9labor\u00e9 \u00e0 partir de manioc soigneusement transform\u00e9 selon un savoir-faire artisanal.\" \/>\n<meta property=\"og:url\" content=\"https:\/\/altyma-agroalimentaire.com\/fr\/produit\/arraw-manioc-1kg\/\" \/>\n<meta property=\"og:site_name\" content=\"Altyma Agroalimentaire\" \/>\n<meta property=\"article:modified_time\" content=\"2025-12-22T21:10:51+00:00\" \/>\n<meta property=\"og:image\" content=\"https:\/\/altyma-agroalimentaire.com\/wp-content\/uploads\/2025\/12\/IMG_1411-scaled.jpg\" \/>\n\t<meta property=\"og:image:width\" content=\"1986\" \/>\n\t<meta property=\"og:image:height\" content=\"2560\" \/>\n\t<meta property=\"og:image:type\" content=\"image\/jpeg\" \/>\n<meta name=\"twitter:card\" content=\"summary_large_image\" \/>\n<meta name=\"twitter:label1\" content=\"Dur\u00e9e de lecture estim\u00e9e\" \/>\n\t<meta name=\"twitter:data1\" content=\"1 minute\" \/>\n<script type=\"application\/ld+json\" class=\"yoast-schema-graph\">{\"@context\":\"https:\\\/\\\/schema.org\",\"@graph\":[{\"@type\":\"WebPage\",\"@id\":\"https:\\\/\\\/altyma-agroalimentaire.com\\\/produit\\\/arraw-manioc-1kg\\\/\",\"url\":\"https:\\\/\\\/altyma-agroalimentaire.com\\\/produit\\\/arraw-manioc-1kg\\\/\",\"name\":\"Arraw Manioc (1kg) - Altyma Agroalimentaire\",\"isPartOf\":{\"@id\":\"https:\\\/\\\/altyma-agroalimentaire.com\\\/#website\"},\"primaryImageOfPage\":{\"@id\":\"https:\\\/\\\/altyma-agroalimentaire.com\\\/produit\\\/arraw-manioc-1kg\\\/#primaryimage\"},\"image\":{\"@id\":\"https:\\\/\\\/altyma-agroalimentaire.com\\\/produit\\\/arraw-manioc-1kg\\\/#primaryimage\"},\"thumbnailUrl\":\"https:\\\/\\\/altyma-agroalimentaire.com\\\/wp-content\\\/uploads\\\/2025\\\/12\\\/IMG_1411-scaled.jpg\",\"datePublished\":\"2025-12-22T21:09:52+00:00\",\"dateModified\":\"2025-12-22T21:10:51+00:00\",\"description\":\"L\u2019Arraw Manioc est un produit alimentaire traditionnel tr\u00e8s appr\u00e9ci\u00e9 en Afrique de l\u2019Ouest, \u00e9labor\u00e9 \u00e0 partir de manioc soigneusement transform\u00e9 selon un savoir-faire artisanal.\",\"breadcrumb\":{\"@id\":\"https:\\\/\\\/altyma-agroalimentaire.com\\\/produit\\\/arraw-manioc-1kg\\\/#breadcrumb\"},\"inLanguage\":\"fr-FR\",\"potentialAction\":[{\"@type\":\"ReadAction\",\"target\":[\"https:\\\/\\\/altyma-agroalimentaire.com\\\/produit\\\/arraw-manioc-1kg\\\/\"]}]},{\"@type\":\"ImageObject\",\"inLanguage\":\"fr-FR\",\"@id\":\"https:\\\/\\\/altyma-agroalimentaire.com\\\/produit\\\/arraw-manioc-1kg\\\/#primaryimage\",\"url\":\"https:\\\/\\\/altyma-agroalimentaire.com\\\/wp-content\\\/uploads\\\/2025\\\/12\\\/IMG_1411-scaled.jpg\",\"contentUrl\":\"https:\\\/\\\/altyma-agroalimentaire.com\\\/wp-content\\\/uploads\\\/2025\\\/12\\\/IMG_1411-scaled.jpg\",\"width\":1986,\"height\":2560,\"caption\":\"Arraw de manioc\"},{\"@type\":\"BreadcrumbList\",\"@id\":\"https:\\\/\\\/altyma-agroalimentaire.com\\\/produit\\\/arraw-manioc-1kg\\\/#breadcrumb\",\"itemListElement\":[{\"@type\":\"ListItem\",\"position\":1,\"name\":\"Home\",\"item\":\"https:\\\/\\\/altyma-agroalimentaire.com\\\/\"},{\"@type\":\"ListItem\",\"position\":2,\"name\":\"Boutique\",\"item\":\"https:\\\/\\\/altyma-agroalimentaire.com\\\/boutique\\\/\"},{\"@type\":\"ListItem\",\"position\":3,\"name\":\"Arraw Manioc (1kg)\"}]},{\"@type\":\"WebSite\",\"@id\":\"https:\\\/\\\/altyma-agroalimentaire.com\\\/#website\",\"url\":\"https:\\\/\\\/altyma-agroalimentaire.com\\\/\",\"name\":\"Altyma Agroalimentaire\",\"description\":\"L&#039;hygi\u00e8ne et la qualit\u00e9 notre cr\u00e9do !\",\"publisher\":{\"@id\":\"https:\\\/\\\/altyma-agroalimentaire.com\\\/#organization\"},\"potentialAction\":[{\"@type\":\"SearchAction\",\"target\":{\"@type\":\"EntryPoint\",\"urlTemplate\":\"https:\\\/\\\/altyma-agroalimentaire.com\\\/?s={search_term_string}\"},\"query-input\":{\"@type\":\"PropertyValueSpecification\",\"valueRequired\":true,\"valueName\":\"search_term_string\"}}],\"inLanguage\":\"fr-FR\"},{\"@type\":\"Organization\",\"@id\":\"https:\\\/\\\/altyma-agroalimentaire.com\\\/#organization\",\"name\":\"Altyma Agroalimentaire\",\"url\":\"https:\\\/\\\/altyma-agroalimentaire.com\\\/\",\"logo\":{\"@type\":\"ImageObject\",\"inLanguage\":\"fr-FR\",\"@id\":\"https:\\\/\\\/altyma-agroalimentaire.com\\\/#\\\/schema\\\/logo\\\/image\\\/\",\"url\":\"https:\\\/\\\/altyma-agroalimentaire.com\\\/wp-content\\\/uploads\\\/2025\\\/11\\\/cropped-Altyma-Logo-1.png\",\"contentUrl\":\"https:\\\/\\\/altyma-agroalimentaire.com\\\/wp-content\\\/uploads\\\/2025\\\/11\\\/cropped-Altyma-Logo-1.png\",\"width\":543,\"height\":460,\"caption\":\"Altyma Agroalimentaire\"},\"image\":{\"@id\":\"https:\\\/\\\/altyma-agroalimentaire.com\\\/#\\\/schema\\\/logo\\\/image\\\/\"}}]}<\/script>\n<!-- \/ Yoast SEO plugin. -->","yoast_head_json":{"title":"Arraw Manioc (1kg) - Altyma Agroalimentaire","description":"L\u2019Arraw Manioc est un produit alimentaire traditionnel tr\u00e8s appr\u00e9ci\u00e9 en Afrique de l\u2019Ouest, \u00e9labor\u00e9 \u00e0 partir de manioc soigneusement transform\u00e9 selon un savoir-faire artisanal.","robots":{"index":"index","follow":"follow","max-snippet":"max-snippet:-1","max-image-preview":"max-image-preview:large","max-video-preview":"max-video-preview:-1"},"canonical":"https:\/\/altyma-agroalimentaire.com\/fr\/produit\/arraw-manioc-1kg\/","og_locale":"fr_FR","og_type":"article","og_title":"Arraw Manioc (1kg) - Altyma Agroalimentaire","og_description":"L\u2019Arraw Manioc est un produit alimentaire traditionnel tr\u00e8s appr\u00e9ci\u00e9 en Afrique de l\u2019Ouest, \u00e9labor\u00e9 \u00e0 partir de manioc soigneusement transform\u00e9 selon un savoir-faire artisanal.","og_url":"https:\/\/altyma-agroalimentaire.com\/fr\/produit\/arraw-manioc-1kg\/","og_site_name":"Altyma Agroalimentaire","article_modified_time":"2025-12-22T21:10:51+00:00","og_image":[{"width":1986,"height":2560,"url":"https:\/\/altyma-agroalimentaire.com\/wp-content\/uploads\/2025\/12\/IMG_1411-scaled.jpg","type":"image\/jpeg"}],"twitter_card":"summary_large_image","twitter_misc":{"Dur\u00e9e de lecture estim\u00e9e":"1 minute"},"schema":{"@context":"https:\/\/schema.org","@graph":[{"@type":"WebPage","@id":"https:\/\/altyma-agroalimentaire.com\/produit\/arraw-manioc-1kg\/","url":"https:\/\/altyma-agroalimentaire.com\/produit\/arraw-manioc-1kg\/","name":"Arraw Manioc (1kg) - Altyma Agroalimentaire","isPartOf":{"@id":"https:\/\/altyma-agroalimentaire.com\/#website"},"primaryImageOfPage":{"@id":"https:\/\/altyma-agroalimentaire.com\/produit\/arraw-manioc-1kg\/#primaryimage"},"image":{"@id":"https:\/\/altyma-agroalimentaire.com\/produit\/arraw-manioc-1kg\/#primaryimage"},"thumbnailUrl":"https:\/\/altyma-agroalimentaire.com\/wp-content\/uploads\/2025\/12\/IMG_1411-scaled.jpg","datePublished":"2025-12-22T21:09:52+00:00","dateModified":"2025-12-22T21:10:51+00:00","description":"L\u2019Arraw Manioc est un produit alimentaire traditionnel tr\u00e8s appr\u00e9ci\u00e9 en Afrique de l\u2019Ouest, \u00e9labor\u00e9 \u00e0 partir de manioc soigneusement transform\u00e9 selon un savoir-faire artisanal.","breadcrumb":{"@id":"https:\/\/altyma-agroalimentaire.com\/produit\/arraw-manioc-1kg\/#breadcrumb"},"inLanguage":"fr-FR","potentialAction":[{"@type":"ReadAction","target":["https:\/\/altyma-agroalimentaire.com\/produit\/arraw-manioc-1kg\/"]}]},{"@type":"ImageObject","inLanguage":"fr-FR","@id":"https:\/\/altyma-agroalimentaire.com\/produit\/arraw-manioc-1kg\/#primaryimage","url":"https:\/\/altyma-agroalimentaire.com\/wp-content\/uploads\/2025\/12\/IMG_1411-scaled.jpg","contentUrl":"https:\/\/altyma-agroalimentaire.com\/wp-content\/uploads\/2025\/12\/IMG_1411-scaled.jpg","width":1986,"height":2560,"caption":"Arraw de manioc"},{"@type":"BreadcrumbList","@id":"https:\/\/altyma-agroalimentaire.com\/produit\/arraw-manioc-1kg\/#breadcrumb","itemListElement":[{"@type":"ListItem","position":1,"name":"Home","item":"https:\/\/altyma-agroalimentaire.com\/"},{"@type":"ListItem","position":2,"name":"Boutique","item":"https:\/\/altyma-agroalimentaire.com\/boutique\/"},{"@type":"ListItem","position":3,"name":"Arraw Manioc (1kg)"}]},{"@type":"WebSite","@id":"https:\/\/altyma-agroalimentaire.com\/#website","url":"https:\/\/altyma-agroalimentaire.com\/","name":"Altyma Agroalimentaire","description":"L&#039;hygi\u00e8ne et la qualit\u00e9 notre cr\u00e9do !","publisher":{"@id":"https:\/\/altyma-agroalimentaire.com\/#organization"},"potentialAction":[{"@type":"SearchAction","target":{"@type":"EntryPoint","urlTemplate":"https:\/\/altyma-agroalimentaire.com\/?s={search_term_string}"},"query-input":{"@type":"PropertyValueSpecification","valueRequired":true,"valueName":"search_term_string"}}],"inLanguage":"fr-FR"},{"@type":"Organization","@id":"https:\/\/altyma-agroalimentaire.com\/#organization","name":"Altyma Agroalimentaire","url":"https:\/\/altyma-agroalimentaire.com\/","logo":{"@type":"ImageObject","inLanguage":"fr-FR","@id":"https:\/\/altyma-agroalimentaire.com\/#\/schema\/logo\/image\/","url":"https:\/\/altyma-agroalimentaire.com\/wp-content\/uploads\/2025\/11\/cropped-Altyma-Logo-1.png","contentUrl":"https:\/\/altyma-agroalimentaire.com\/wp-content\/uploads\/2025\/11\/cropped-Altyma-Logo-1.png","width":543,"height":460,"caption":"Altyma Agroalimentaire"},"image":{"@id":"https:\/\/altyma-agroalimentaire.com\/#\/schema\/logo\/image\/"}}]}},"_links":{"self":[{"href":"https:\/\/altyma-agroalimentaire.com\/fr\/wp-json\/wp\/v2\/product\/535","targetHints":{"allow":["GET"]}}],"collection":[{"href":"https:\/\/altyma-agroalimentaire.com\/fr\/wp-json\/wp\/v2\/product"}],"about":[{"href":"https:\/\/altyma-agroalimentaire.com\/fr\/wp-json\/wp\/v2\/types\/product"}],"replies":[{"embeddable":true,"href":"https:\/\/altyma-agroalimentaire.com\/fr\/wp-json\/wp\/v2\/comments?post=535"}],"wp:featuredmedia":[{"embeddable":true,"href":"https:\/\/altyma-agroalimentaire.com\/fr\/wp-json\/wp\/v2\/media\/148"}],"wp:attachment":[{"href":"https:\/\/altyma-agroalimentaire.com\/fr\/wp-json\/wp\/v2\/media?parent=535"}],"wp:term":[{"taxonomy":"product_brand","embeddable":true,"href":"https:\/\/altyma-agroalimentaire.com\/fr\/wp-json\/wp\/v2\/product_brand?post=535"},{"taxonomy":"product_cat","embeddable":true,"href":"https:\/\/altyma-agroalimentaire.com\/fr\/wp-json\/wp\/v2\/product_cat?post=535"},{"taxonomy":"product_tag","embeddable":true,"href":"https:\/\/altyma-agroalimentaire.com\/fr\/wp-json\/wp\/v2\/product_tag?post=535"}],"curies":[{"name":"wp","href":"https:\/\/api.w.org\/{rel}","templated":true}]}}