{"id":566,"date":"2026-01-06T22:07:21","date_gmt":"2026-01-06T22:07:21","guid":{"rendered":"https:\/\/altyma-agroalimentaire.com\/?post_type=product&#038;p=566"},"modified":"2026-01-15T20:38:14","modified_gmt":"2026-01-15T20:38:14","slug":"thiakry-mil-1kg","status":"publish","type":"product","link":"https:\/\/altyma-agroalimentaire.com\/fr\/produit\/thiakry-mil-1kg\/","title":{"rendered":"Thiakry mil Frais (1kg)"},"content":{"rendered":"<p><u>COMPOSITION<\/u>: Mil, Ma\u00efs<\/p>\n<p><u>PREPARATION<\/u>: Mettez le contenu dans un bol, \u00a0faites chauffer \u00e0 la vapeur ou mettez le dans un micro-ondes pendant 10 minutes environ. M\u00e9langez avec un peu de beurre de cuisine, \u00a0laissez refroidir puis consommez avec du yaourt et \/ou du lait sucr\u00e9 \u00e0 volont\u00e9.<\/p>\n<p><u>\u00a0<\/u><\/p>\n<p><u>BIENFAITS<\/u>: C\u2019est un dessert traditionnel riche en vitamine A,B ,E, prot\u00e9ines, fibres et aide \u00e0 la digestion<\/p>\n<p>&nbsp;<\/p>\n<p>NB: Conservez au cong\u00e9lateur ou au r\u00e9frig\u00e9rateur<\/p>","protected":false},"excerpt":{"rendered":"<p>Mettez le contenu dans un bol, \u00a0faites chauffer \u00e0 la vapeur ou mettez le dans un micro-ondes pendant 10 minutes environ. M\u00e9langez avec un peu de beurre de cuisine, \u00a0laissez refroidir puis consommez avec du yaourt et \/ou du lait sucr\u00e9 \u00e0 volont\u00e9.<\/p>","protected":false},"featured_media":567,"comment_status":"open","ping_status":"closed","template":"","meta":{"site-sidebar-layout":"default","site-content-layout":"","ast-site-content-layout":"default","site-content-style":"default","site-sidebar-style":"default","ast-global-header-display":"","ast-banner-title-visibility":"","ast-main-header-display":"","ast-hfb-above-header-display":"","ast-hfb-below-header-display":"","ast-hfb-mobile-header-display":"","site-post-title":"","ast-breadcrumbs-content":"","ast-featured-img":"","footer-sml-layout":"","theme-transparent-header-meta":"default","adv-header-id-meta":"","stick-header-meta":"","header-above-stick-meta":"","header-main-stick-meta":"","header-below-stick-meta":"","astra-migrate-meta-layouts":"set","ast-page-background-enabled":"default","ast-page-background-meta":{"desktop":{"background-color":"var(--ast-global-color-5)","background-image":"","background-repeat":"repeat","background-position":"center center","background-size":"auto","background-attachment":"scroll","background-type":"","background-media":"","overlay-type":"","overlay-color":"","overlay-opacity":"","overlay-gradient":""},"tablet":{"background-color":"","background-image":"","background-repeat":"repeat","background-position":"center center","background-size":"auto","background-attachment":"scroll","background-type":"","background-media":"","overlay-type":"","overlay-color":"","overlay-opacity":"","overlay-gradient":""},"mobile":{"background-color":"","background-image":"","background-repeat":"repeat","background-position":"center center","background-size":"auto","background-attachment":"scroll","background-type":"","background-media":"","overlay-type":"","overlay-color":"","overlay-opacity":"","overlay-gradient":""}},"ast-content-background-meta":{"desktop":{"background-color":"var(--ast-global-color-4)","background-image":"","background-repeat":"repeat","background-position":"center center","background-size":"auto","background-attachment":"scroll","background-type":"","background-media":"","overlay-type":"","overlay-color":"","overlay-opacity":"","overlay-gradient":""},"tablet":{"background-color":"var(--ast-global-color-4)","background-image":"","background-repeat":"repeat","background-position":"center center","background-size":"auto","background-attachment":"scroll","background-type":"","background-media":"","overlay-type":"","overlay-color":"","overlay-opacity":"","overlay-gradient":""},"mobile":{"background-color":"var(--ast-global-color-4)","background-image":"","background-repeat":"repeat","background-position":"center center","background-size":"auto","background-attachment":"scroll","background-type":"","background-media":"","overlay-type":"","overlay-color":"","overlay-opacity":"","overlay-gradient":""}}},"product_brand":[],"product_cat":[19],"product_tag":[70,103,116,117,67,83,115],"class_list":{"0":"post-566","1":"product","2":"type-product","3":"status-publish","4":"has-post-thumbnail","6":"product_cat-cereales","7":"product_tag-alimentation-saine","8":"product_tag-bouillie-de-mil","9":"product_tag-dessert-africain","10":"product_tag-dessert-traditionnel","11":"product_tag-mil-moulu","12":"product_tag-produit-local","13":"product_tag-thiakry-mil","14":"desktop-align-left","15":"tablet-align-left","16":"mobile-align-left","18":"first","19":"instock","20":"shipping-taxable","21":"purchasable","22":"product-type-simple"},"yoast_head":"<!-- This site is optimized with the Yoast SEO plugin v27.6 - https:\/\/yoast.com\/product\/yoast-seo-wordpress\/ -->\n<title>Thiakry mil Frais (1kg) - Altyma Agroalimentaire<\/title>\n<meta name=\"description\" content=\"Le Thiakry Mil est un dessert pr\u00e9par\u00e9 \u00e0 partir de mil finement moulu, souvent m\u00e9lang\u00e9 \u00e0 du lait, du yaourt, du sucre et des ar\u00f4mes naturels.\" \/>\n<meta name=\"robots\" content=\"index, follow, max-snippet:-1, max-image-preview:large, max-video-preview:-1\" \/>\n<link rel=\"canonical\" href=\"https:\/\/altyma-agroalimentaire.com\/fr\/produit\/thiakry-mil-1kg\/\" \/>\n<meta property=\"og:locale\" content=\"fr_FR\" \/>\n<meta property=\"og:type\" content=\"article\" \/>\n<meta property=\"og:title\" content=\"Thiakry mil Frais (1kg) - Altyma Agroalimentaire\" \/>\n<meta property=\"og:description\" content=\"Le Thiakry Mil est un dessert pr\u00e9par\u00e9 \u00e0 partir de mil finement moulu, souvent m\u00e9lang\u00e9 \u00e0 du lait, du yaourt, du sucre et des ar\u00f4mes naturels.\" \/>\n<meta property=\"og:url\" content=\"https:\/\/altyma-agroalimentaire.com\/fr\/produit\/thiakry-mil-1kg\/\" \/>\n<meta property=\"og:site_name\" content=\"Altyma Agroalimentaire\" \/>\n<meta property=\"article:modified_time\" content=\"2026-01-15T20:38:14+00:00\" \/>\n<meta property=\"og:image\" content=\"https:\/\/altyma-agroalimentaire.com\/wp-content\/uploads\/2026\/01\/WhatsApp-Image-2026-01-06-at-18.33.09.jpeg\" \/>\n\t<meta property=\"og:image:width\" content=\"960\" \/>\n\t<meta property=\"og:image:height\" content=\"1280\" \/>\n\t<meta property=\"og:image:type\" content=\"image\/jpeg\" \/>\n<meta name=\"twitter:card\" content=\"summary_large_image\" \/>\n<meta name=\"twitter:label1\" content=\"Dur\u00e9e de lecture estim\u00e9e\" \/>\n\t<meta name=\"twitter:data1\" content=\"1 minute\" \/>\n<script type=\"application\/ld+json\" class=\"yoast-schema-graph\">{\"@context\":\"https:\\\/\\\/schema.org\",\"@graph\":[{\"@type\":\"WebPage\",\"@id\":\"https:\\\/\\\/altyma-agroalimentaire.com\\\/produit\\\/thiakry-mil-1kg\\\/\",\"url\":\"https:\\\/\\\/altyma-agroalimentaire.com\\\/produit\\\/thiakry-mil-1kg\\\/\",\"name\":\"Thiakry mil Frais (1kg) - Altyma Agroalimentaire\",\"isPartOf\":{\"@id\":\"https:\\\/\\\/altyma-agroalimentaire.com\\\/#website\"},\"primaryImageOfPage\":{\"@id\":\"https:\\\/\\\/altyma-agroalimentaire.com\\\/produit\\\/thiakry-mil-1kg\\\/#primaryimage\"},\"image\":{\"@id\":\"https:\\\/\\\/altyma-agroalimentaire.com\\\/produit\\\/thiakry-mil-1kg\\\/#primaryimage\"},\"thumbnailUrl\":\"https:\\\/\\\/altyma-agroalimentaire.com\\\/wp-content\\\/uploads\\\/2026\\\/01\\\/WhatsApp-Image-2026-01-06-at-18.33.09.jpeg\",\"datePublished\":\"2026-01-06T22:07:21+00:00\",\"dateModified\":\"2026-01-15T20:38:14+00:00\",\"description\":\"Le Thiakry Mil est un dessert pr\u00e9par\u00e9 \u00e0 partir de mil finement moulu, souvent m\u00e9lang\u00e9 \u00e0 du lait, du yaourt, du sucre et des ar\u00f4mes naturels.\",\"breadcrumb\":{\"@id\":\"https:\\\/\\\/altyma-agroalimentaire.com\\\/produit\\\/thiakry-mil-1kg\\\/#breadcrumb\"},\"inLanguage\":\"fr-FR\",\"potentialAction\":[{\"@type\":\"ReadAction\",\"target\":[\"https:\\\/\\\/altyma-agroalimentaire.com\\\/produit\\\/thiakry-mil-1kg\\\/\"]}]},{\"@type\":\"ImageObject\",\"inLanguage\":\"fr-FR\",\"@id\":\"https:\\\/\\\/altyma-agroalimentaire.com\\\/produit\\\/thiakry-mil-1kg\\\/#primaryimage\",\"url\":\"https:\\\/\\\/altyma-agroalimentaire.com\\\/wp-content\\\/uploads\\\/2026\\\/01\\\/WhatsApp-Image-2026-01-06-at-18.33.09.jpeg\",\"contentUrl\":\"https:\\\/\\\/altyma-agroalimentaire.com\\\/wp-content\\\/uploads\\\/2026\\\/01\\\/WhatsApp-Image-2026-01-06-at-18.33.09.jpeg\",\"width\":960,\"height\":1280,\"caption\":\"Thiakry de mil Frais\"},{\"@type\":\"BreadcrumbList\",\"@id\":\"https:\\\/\\\/altyma-agroalimentaire.com\\\/produit\\\/thiakry-mil-1kg\\\/#breadcrumb\",\"itemListElement\":[{\"@type\":\"ListItem\",\"position\":1,\"name\":\"Home\",\"item\":\"https:\\\/\\\/altyma-agroalimentaire.com\\\/\"},{\"@type\":\"ListItem\",\"position\":2,\"name\":\"Boutique\",\"item\":\"https:\\\/\\\/altyma-agroalimentaire.com\\\/boutique\\\/\"},{\"@type\":\"ListItem\",\"position\":3,\"name\":\"Thiakry mil Frais (1kg)\"}]},{\"@type\":\"WebSite\",\"@id\":\"https:\\\/\\\/altyma-agroalimentaire.com\\\/#website\",\"url\":\"https:\\\/\\\/altyma-agroalimentaire.com\\\/\",\"name\":\"Altyma Agroalimentaire\",\"description\":\"L&#039;hygi\u00e8ne et la qualit\u00e9 notre cr\u00e9do !\",\"publisher\":{\"@id\":\"https:\\\/\\\/altyma-agroalimentaire.com\\\/#organization\"},\"potentialAction\":[{\"@type\":\"SearchAction\",\"target\":{\"@type\":\"EntryPoint\",\"urlTemplate\":\"https:\\\/\\\/altyma-agroalimentaire.com\\\/?s={search_term_string}\"},\"query-input\":{\"@type\":\"PropertyValueSpecification\",\"valueRequired\":true,\"valueName\":\"search_term_string\"}}],\"inLanguage\":\"fr-FR\"},{\"@type\":\"Organization\",\"@id\":\"https:\\\/\\\/altyma-agroalimentaire.com\\\/#organization\",\"name\":\"Altyma Agroalimentaire\",\"url\":\"https:\\\/\\\/altyma-agroalimentaire.com\\\/\",\"logo\":{\"@type\":\"ImageObject\",\"inLanguage\":\"fr-FR\",\"@id\":\"https:\\\/\\\/altyma-agroalimentaire.com\\\/#\\\/schema\\\/logo\\\/image\\\/\",\"url\":\"https:\\\/\\\/altyma-agroalimentaire.com\\\/wp-content\\\/uploads\\\/2025\\\/11\\\/cropped-Altyma-Logo-1.png\",\"contentUrl\":\"https:\\\/\\\/altyma-agroalimentaire.com\\\/wp-content\\\/uploads\\\/2025\\\/11\\\/cropped-Altyma-Logo-1.png\",\"width\":543,\"height\":460,\"caption\":\"Altyma Agroalimentaire\"},\"image\":{\"@id\":\"https:\\\/\\\/altyma-agroalimentaire.com\\\/#\\\/schema\\\/logo\\\/image\\\/\"}}]}<\/script>\n<!-- \/ Yoast SEO plugin. -->","yoast_head_json":{"title":"Thiakry mil Frais (1kg) - Altyma Agroalimentaire","description":"Le Thiakry Mil est un dessert pr\u00e9par\u00e9 \u00e0 partir de mil finement moulu, souvent m\u00e9lang\u00e9 \u00e0 du lait, du yaourt, du sucre et des ar\u00f4mes naturels.","robots":{"index":"index","follow":"follow","max-snippet":"max-snippet:-1","max-image-preview":"max-image-preview:large","max-video-preview":"max-video-preview:-1"},"canonical":"https:\/\/altyma-agroalimentaire.com\/fr\/produit\/thiakry-mil-1kg\/","og_locale":"fr_FR","og_type":"article","og_title":"Thiakry mil Frais (1kg) - Altyma Agroalimentaire","og_description":"Le Thiakry Mil est un dessert pr\u00e9par\u00e9 \u00e0 partir de mil finement moulu, souvent m\u00e9lang\u00e9 \u00e0 du lait, du yaourt, du sucre et des ar\u00f4mes naturels.","og_url":"https:\/\/altyma-agroalimentaire.com\/fr\/produit\/thiakry-mil-1kg\/","og_site_name":"Altyma Agroalimentaire","article_modified_time":"2026-01-15T20:38:14+00:00","og_image":[{"width":960,"height":1280,"url":"https:\/\/altyma-agroalimentaire.com\/wp-content\/uploads\/2026\/01\/WhatsApp-Image-2026-01-06-at-18.33.09.jpeg","type":"image\/jpeg"}],"twitter_card":"summary_large_image","twitter_misc":{"Dur\u00e9e de lecture estim\u00e9e":"1 minute"},"schema":{"@context":"https:\/\/schema.org","@graph":[{"@type":"WebPage","@id":"https:\/\/altyma-agroalimentaire.com\/produit\/thiakry-mil-1kg\/","url":"https:\/\/altyma-agroalimentaire.com\/produit\/thiakry-mil-1kg\/","name":"Thiakry mil Frais (1kg) - Altyma Agroalimentaire","isPartOf":{"@id":"https:\/\/altyma-agroalimentaire.com\/#website"},"primaryImageOfPage":{"@id":"https:\/\/altyma-agroalimentaire.com\/produit\/thiakry-mil-1kg\/#primaryimage"},"image":{"@id":"https:\/\/altyma-agroalimentaire.com\/produit\/thiakry-mil-1kg\/#primaryimage"},"thumbnailUrl":"https:\/\/altyma-agroalimentaire.com\/wp-content\/uploads\/2026\/01\/WhatsApp-Image-2026-01-06-at-18.33.09.jpeg","datePublished":"2026-01-06T22:07:21+00:00","dateModified":"2026-01-15T20:38:14+00:00","description":"Le Thiakry Mil est un dessert pr\u00e9par\u00e9 \u00e0 partir de mil finement moulu, souvent m\u00e9lang\u00e9 \u00e0 du lait, du yaourt, du sucre et des ar\u00f4mes naturels.","breadcrumb":{"@id":"https:\/\/altyma-agroalimentaire.com\/produit\/thiakry-mil-1kg\/#breadcrumb"},"inLanguage":"fr-FR","potentialAction":[{"@type":"ReadAction","target":["https:\/\/altyma-agroalimentaire.com\/produit\/thiakry-mil-1kg\/"]}]},{"@type":"ImageObject","inLanguage":"fr-FR","@id":"https:\/\/altyma-agroalimentaire.com\/produit\/thiakry-mil-1kg\/#primaryimage","url":"https:\/\/altyma-agroalimentaire.com\/wp-content\/uploads\/2026\/01\/WhatsApp-Image-2026-01-06-at-18.33.09.jpeg","contentUrl":"https:\/\/altyma-agroalimentaire.com\/wp-content\/uploads\/2026\/01\/WhatsApp-Image-2026-01-06-at-18.33.09.jpeg","width":960,"height":1280,"caption":"Thiakry de mil Frais"},{"@type":"BreadcrumbList","@id":"https:\/\/altyma-agroalimentaire.com\/produit\/thiakry-mil-1kg\/#breadcrumb","itemListElement":[{"@type":"ListItem","position":1,"name":"Home","item":"https:\/\/altyma-agroalimentaire.com\/"},{"@type":"ListItem","position":2,"name":"Boutique","item":"https:\/\/altyma-agroalimentaire.com\/boutique\/"},{"@type":"ListItem","position":3,"name":"Thiakry mil Frais (1kg)"}]},{"@type":"WebSite","@id":"https:\/\/altyma-agroalimentaire.com\/#website","url":"https:\/\/altyma-agroalimentaire.com\/","name":"Altyma Agroalimentaire","description":"L&#039;hygi\u00e8ne et la qualit\u00e9 notre cr\u00e9do !","publisher":{"@id":"https:\/\/altyma-agroalimentaire.com\/#organization"},"potentialAction":[{"@type":"SearchAction","target":{"@type":"EntryPoint","urlTemplate":"https:\/\/altyma-agroalimentaire.com\/?s={search_term_string}"},"query-input":{"@type":"PropertyValueSpecification","valueRequired":true,"valueName":"search_term_string"}}],"inLanguage":"fr-FR"},{"@type":"Organization","@id":"https:\/\/altyma-agroalimentaire.com\/#organization","name":"Altyma Agroalimentaire","url":"https:\/\/altyma-agroalimentaire.com\/","logo":{"@type":"ImageObject","inLanguage":"fr-FR","@id":"https:\/\/altyma-agroalimentaire.com\/#\/schema\/logo\/image\/","url":"https:\/\/altyma-agroalimentaire.com\/wp-content\/uploads\/2025\/11\/cropped-Altyma-Logo-1.png","contentUrl":"https:\/\/altyma-agroalimentaire.com\/wp-content\/uploads\/2025\/11\/cropped-Altyma-Logo-1.png","width":543,"height":460,"caption":"Altyma Agroalimentaire"},"image":{"@id":"https:\/\/altyma-agroalimentaire.com\/#\/schema\/logo\/image\/"}}]}},"_links":{"self":[{"href":"https:\/\/altyma-agroalimentaire.com\/fr\/wp-json\/wp\/v2\/product\/566","targetHints":{"allow":["GET"]}}],"collection":[{"href":"https:\/\/altyma-agroalimentaire.com\/fr\/wp-json\/wp\/v2\/product"}],"about":[{"href":"https:\/\/altyma-agroalimentaire.com\/fr\/wp-json\/wp\/v2\/types\/product"}],"replies":[{"embeddable":true,"href":"https:\/\/altyma-agroalimentaire.com\/fr\/wp-json\/wp\/v2\/comments?post=566"}],"wp:featuredmedia":[{"embeddable":true,"href":"https:\/\/altyma-agroalimentaire.com\/fr\/wp-json\/wp\/v2\/media\/567"}],"wp:attachment":[{"href":"https:\/\/altyma-agroalimentaire.com\/fr\/wp-json\/wp\/v2\/media?parent=566"}],"wp:term":[{"taxonomy":"product_brand","embeddable":true,"href":"https:\/\/altyma-agroalimentaire.com\/fr\/wp-json\/wp\/v2\/product_brand?post=566"},{"taxonomy":"product_cat","embeddable":true,"href":"https:\/\/altyma-agroalimentaire.com\/fr\/wp-json\/wp\/v2\/product_cat?post=566"},{"taxonomy":"product_tag","embeddable":true,"href":"https:\/\/altyma-agroalimentaire.com\/fr\/wp-json\/wp\/v2\/product_tag?post=566"}],"curies":[{"name":"wp","href":"https:\/\/api.w.org\/{rel}","templated":true}]}}